{"id":866,"date":"2021-12-02T10:03:45","date_gmt":"2021-12-02T10:03:45","guid":{"rendered":"https:\/\/beau-rivage-zermatt.ch\/reservierungsbedingungen\/"},"modified":"2026-02-05T07:17:39","modified_gmt":"2026-02-05T07:17:39","slug":"conditions-de-reservation","status":"publish","type":"page","link":"https:\/\/www.beau-rivage-zermatt.ch\/fr\/conditions-de-reservation\/","title":{"rendered":"Conditions de r\u00e9servation"},"content":{"rendered":"<h1>Conditions de r\u00e9servation<\/h1>\n<h2 data-start=\"247\" data-end=\"299\"><strong data-start=\"255\" data-end=\"297\">Conditions de Paiement et d\u2019Annulation<\/strong><\/h2>\n<p data-start=\"300\" data-end=\"336\"><strong data-start=\"300\" data-end=\"336\">Hotel Beau-Rivage \u2013 Max Julen AG<\/strong><\/p>\n<p data-start=\"338\" data-end=\"580\">En proc\u00e9dant \u00e0 une r\u00e9servation et en acceptant les <strong data-start=\"389\" data-end=\"428\">Conditions g\u00e9n\u00e9rales de r\u00e9servation<\/strong>, le client reconna\u00eet avoir pris connaissance des pr\u00e9sentes conditions et les accepter sans r\u00e9serve. Ces conditions sont r\u00e9gies par le <strong data-start=\"563\" data-end=\"579\">droit suisse<\/strong>.<\/p>\n<h3 data-start=\"582\" data-end=\"621\">1. R\u00e9servations Non Remboursables<\/h3>\n<p data-start=\"622\" data-end=\"931\">Les r\u00e9servations effectu\u00e9es au tarif <strong data-start=\"659\" data-end=\"679\">Non Remboursable<\/strong> sont <strong data-start=\"685\" data-end=\"713\">fermement contractuelles<\/strong>.<br data-start=\"714\" data-end=\"717\" \/>Elles <strong data-start=\"723\" data-end=\"790\">ne peuvent en aucun cas \u00eatre annul\u00e9es, modifi\u00e9es ou rembours\u00e9es<\/strong>, ind\u00e9pendamment du motif invoqu\u00e9.<br data-start=\"824\" data-end=\"827\" \/>Le montant total du s\u00e9jour est exigible conform\u00e9ment aux conditions communiqu\u00e9es lors de la r\u00e9servation.<\/p>\n<h3 data-start=\"933\" data-end=\"972\">2. R\u00e9servations au Tarif Standard<\/h3>\n<p data-start=\"973\" data-end=\"1341\">Les r\u00e9servations effectu\u00e9es au <strong data-start=\"1004\" data-end=\"1022\">tarif standard<\/strong> peuvent \u00eatre <strong data-start=\"1036\" data-end=\"1119\">annul\u00e9es ou modifi\u00e9es sans frais jusqu\u2019\u00e0 7 jours avant la date d\u2019arriv\u00e9e pr\u00e9vue<\/strong>.<br data-start=\"1120\" data-end=\"1123\" \/>En cas d\u2019annulation ou de modification <strong data-start=\"1162\" data-end=\"1198\">moins de 7 jours avant l\u2019arriv\u00e9e<\/strong>, ou en cas de <strong data-start=\"1213\" data-end=\"1243\">non-pr\u00e9sentation (no-show)<\/strong>, l\u2019h\u00f4tel se r\u00e9serve le droit de facturer tout ou partie du s\u00e9jour, conform\u00e9ment au tarif r\u00e9serv\u00e9.<\/p>\n<h3 data-start=\"1343\" data-end=\"1384\">3. Acceptation et Force Obligatoire<\/h3>\n<p data-start=\"1385\" data-end=\"1613\">En validant la r\u00e9servation en ligne, le client confirme que les pr\u00e9sentes conditions font partie int\u00e9grante du contrat d\u2019h\u00e9bergement conclu avec <strong data-start=\"1530\" data-end=\"1566\">Hotel Beau-Rivage \u2013 Max Julen AG<\/strong> et qu\u2019elles sont juridiquement contraignantes.<\/p>\n<hr data-start=\"1615\" data-end=\"1618\" \/>\n<p>&nbsp;<\/p>\n","protected":false},"excerpt":{"rendered":"<p>Conditions de r\u00e9servation Conditions de Paiement et d\u2019Annulation Hotel Beau-Rivage \u2013 Max Julen AG En proc\u00e9dant \u00e0 une r\u00e9servation et &#8230;<\/p>\n","protected":false},"author":1,"featured_media":0,"parent":0,"menu_order":0,"comment_status":"closed","ping_status":"closed","template":"","meta":{"_acf_changed":false,"footnotes":""},"class_list":["post-866","page","type-page","status-publish","hentry"],"acf":[],"yoast_head":"<!-- This site is optimized with the Yoast SEO plugin v27.3 - https:\/\/yoast.com\/product\/yoast-seo-wordpress\/ -->\n<title>Conditions de r\u00e9servation &#8211; Hotel Beau Rivage Zermatt<\/title>\n<meta name=\"robots\" content=\"index, follow, max-snippet:-1, max-image-preview:large, max-video-preview:-1\" \/>\n<link rel=\"canonical\" href=\"https:\/\/www.beau-rivage-zermatt.ch\/fr\/conditions-de-reservation\/\" \/>\n<meta property=\"og:locale\" content=\"fr_FR\" \/>\n<meta property=\"og:type\" content=\"article\" \/>\n<meta property=\"og:title\" content=\"Conditions de r\u00e9servation &#8211; Hotel Beau Rivage Zermatt\" \/>\n<meta property=\"og:description\" content=\"Conditions de r\u00e9servation Conditions de Paiement et d\u2019Annulation Hotel Beau-Rivage \u2013 Max Julen AG En proc\u00e9dant \u00e0 une r\u00e9servation et ...\" \/>\n<meta property=\"og:url\" content=\"https:\/\/www.beau-rivage-zermatt.ch\/fr\/conditions-de-reservation\/\" \/>\n<meta property=\"og:site_name\" content=\"Hotel Beau Rivage Zermatt\" \/>\n<meta property=\"article:modified_time\" content=\"2026-02-05T07:17:39+00:00\" \/>\n<meta name=\"twitter:card\" content=\"summary_large_image\" \/>\n<meta name=\"twitter:label1\" content=\"Dur\u00e9e de lecture estim\u00e9e\" \/>\n\t<meta name=\"twitter:data1\" content=\"2 minutes\" \/>\n<script type=\"application\/ld+json\" class=\"yoast-schema-graph\">{\"@context\":\"https:\\\/\\\/schema.org\",\"@graph\":[{\"@type\":\"WebPage\",\"@id\":\"https:\\\/\\\/www.beau-rivage-zermatt.ch\\\/fr\\\/conditions-de-reservation\\\/\",\"url\":\"https:\\\/\\\/www.beau-rivage-zermatt.ch\\\/fr\\\/conditions-de-reservation\\\/\",\"name\":\"Conditions de r\u00e9servation &#8211; Hotel Beau Rivage Zermatt\",\"isPartOf\":{\"@id\":\"https:\\\/\\\/www.beau-rivage-zermatt.ch\\\/#website\"},\"datePublished\":\"2021-12-02T10:03:45+00:00\",\"dateModified\":\"2026-02-05T07:17:39+00:00\",\"breadcrumb\":{\"@id\":\"https:\\\/\\\/www.beau-rivage-zermatt.ch\\\/fr\\\/conditions-de-reservation\\\/#breadcrumb\"},\"inLanguage\":\"fr-FR\",\"potentialAction\":[{\"@type\":\"ReadAction\",\"target\":[\"https:\\\/\\\/www.beau-rivage-zermatt.ch\\\/fr\\\/conditions-de-reservation\\\/\"]}]},{\"@type\":\"BreadcrumbList\",\"@id\":\"https:\\\/\\\/www.beau-rivage-zermatt.ch\\\/fr\\\/conditions-de-reservation\\\/#breadcrumb\",\"itemListElement\":[{\"@type\":\"ListItem\",\"position\":1,\"name\":\"Startseite\",\"item\":\"https:\\\/\\\/www.beau-rivage-zermatt.ch\\\/fr\\\/\"},{\"@type\":\"ListItem\",\"position\":2,\"name\":\"Conditions de r\u00e9servation\"}]},{\"@type\":\"WebSite\",\"@id\":\"https:\\\/\\\/www.beau-rivage-zermatt.ch\\\/#website\",\"url\":\"https:\\\/\\\/www.beau-rivage-zermatt.ch\\\/\",\"name\":\"Hotel Beau Rivage Zermatt\",\"description\":\"Hotel Beau Rivage Zermatt\",\"potentialAction\":[{\"@type\":\"SearchAction\",\"target\":{\"@type\":\"EntryPoint\",\"urlTemplate\":\"https:\\\/\\\/www.beau-rivage-zermatt.ch\\\/?s={search_term_string}\"},\"query-input\":{\"@type\":\"PropertyValueSpecification\",\"valueRequired\":true,\"valueName\":\"search_term_string\"}}],\"inLanguage\":\"fr-FR\"}]}<\/script>\n<!-- \/ Yoast SEO plugin. -->","yoast_head_json":{"title":"Conditions de r\u00e9servation &#8211; Hotel Beau Rivage Zermatt","robots":{"index":"index","follow":"follow","max-snippet":"max-snippet:-1","max-image-preview":"max-image-preview:large","max-video-preview":"max-video-preview:-1"},"canonical":"https:\/\/www.beau-rivage-zermatt.ch\/fr\/conditions-de-reservation\/","og_locale":"fr_FR","og_type":"article","og_title":"Conditions de r\u00e9servation &#8211; Hotel Beau Rivage Zermatt","og_description":"Conditions de r\u00e9servation Conditions de Paiement et d\u2019Annulation Hotel Beau-Rivage \u2013 Max Julen AG En proc\u00e9dant \u00e0 une r\u00e9servation et ...","og_url":"https:\/\/www.beau-rivage-zermatt.ch\/fr\/conditions-de-reservation\/","og_site_name":"Hotel Beau Rivage Zermatt","article_modified_time":"2026-02-05T07:17:39+00:00","twitter_card":"summary_large_image","twitter_misc":{"Dur\u00e9e de lecture estim\u00e9e":"2 minutes"},"schema":{"@context":"https:\/\/schema.org","@graph":[{"@type":"WebPage","@id":"https:\/\/www.beau-rivage-zermatt.ch\/fr\/conditions-de-reservation\/","url":"https:\/\/www.beau-rivage-zermatt.ch\/fr\/conditions-de-reservation\/","name":"Conditions de r\u00e9servation &#8211; Hotel Beau Rivage Zermatt","isPartOf":{"@id":"https:\/\/www.beau-rivage-zermatt.ch\/#website"},"datePublished":"2021-12-02T10:03:45+00:00","dateModified":"2026-02-05T07:17:39+00:00","breadcrumb":{"@id":"https:\/\/www.beau-rivage-zermatt.ch\/fr\/conditions-de-reservation\/#breadcrumb"},"inLanguage":"fr-FR","potentialAction":[{"@type":"ReadAction","target":["https:\/\/www.beau-rivage-zermatt.ch\/fr\/conditions-de-reservation\/"]}]},{"@type":"BreadcrumbList","@id":"https:\/\/www.beau-rivage-zermatt.ch\/fr\/conditions-de-reservation\/#breadcrumb","itemListElement":[{"@type":"ListItem","position":1,"name":"Startseite","item":"https:\/\/www.beau-rivage-zermatt.ch\/fr\/"},{"@type":"ListItem","position":2,"name":"Conditions de r\u00e9servation"}]},{"@type":"WebSite","@id":"https:\/\/www.beau-rivage-zermatt.ch\/#website","url":"https:\/\/www.beau-rivage-zermatt.ch\/","name":"Hotel Beau Rivage Zermatt","description":"Hotel Beau Rivage Zermatt","potentialAction":[{"@type":"SearchAction","target":{"@type":"EntryPoint","urlTemplate":"https:\/\/www.beau-rivage-zermatt.ch\/?s={search_term_string}"},"query-input":{"@type":"PropertyValueSpecification","valueRequired":true,"valueName":"search_term_string"}}],"inLanguage":"fr-FR"}]}},"meta_box":{"kontakt":"","webcam1":"","webcam2":"","webcam3":"","webcam4":"","webcam5":"","webcam6":"","bildergalerie":[],"bilderslider":[],"seite1":"","seite2":"","seite3":"","linkportrait":"","medallie":[],"portrait":"","linkjulensport":"","logojulensport":[],"textjulensport":"","seite4":"","seite5":""},"_links":{"self":[{"href":"https:\/\/www.beau-rivage-zermatt.ch\/fr\/wp-json\/wp\/v2\/pages\/866","targetHints":{"allow":["GET"]}}],"collection":[{"href":"https:\/\/www.beau-rivage-zermatt.ch\/fr\/wp-json\/wp\/v2\/pages"}],"about":[{"href":"https:\/\/www.beau-rivage-zermatt.ch\/fr\/wp-json\/wp\/v2\/types\/page"}],"author":[{"embeddable":true,"href":"https:\/\/www.beau-rivage-zermatt.ch\/fr\/wp-json\/wp\/v2\/users\/1"}],"replies":[{"embeddable":true,"href":"https:\/\/www.beau-rivage-zermatt.ch\/fr\/wp-json\/wp\/v2\/comments?post=866"}],"version-history":[{"count":4,"href":"https:\/\/www.beau-rivage-zermatt.ch\/fr\/wp-json\/wp\/v2\/pages\/866\/revisions"}],"predecessor-version":[{"id":1178,"href":"https:\/\/www.beau-rivage-zermatt.ch\/fr\/wp-json\/wp\/v2\/pages\/866\/revisions\/1178"}],"wp:attachment":[{"href":"https:\/\/www.beau-rivage-zermatt.ch\/fr\/wp-json\/wp\/v2\/media?parent=866"}],"curies":[{"name":"wp","href":"https:\/\/api.w.org\/{rel}","templated":true}]}}