{"id":472,"date":"2019-10-23T13:20:27","date_gmt":"2019-10-23T13:20:27","guid":{"rendered":"http:\/\/beauriva.cyon.link\/webpage\/?page_id=472"},"modified":"2026-03-28T12:20:06","modified_gmt":"2026-03-28T12:20:06","slug":"transfert","status":"publish","type":"page","link":"https:\/\/www.beau-rivage-zermatt.ch\/fr\/transfert\/","title":{"rendered":"Transfert"},"content":{"rendered":"<p>Service de navette de l&rsquo;h\u00f4tel (r\u00e9sum\u00e9)<\/p>\n<p>Itin\u00e9raire : Gare &#x2194; H\u00f4tel \/ Station de taxis &#x2194; H\u00f4tel<\/p>\n<p>Horaires : Tous les jours, de 8 h \u00e0 19 h<\/p>\n<p>Tarif : 15 CHF par trajet<\/p>\n<p>R\u00e9servation : \u00c0 r\u00e9server \u00e0 l&rsquo;avance ou \u00e0 appeler peu avant votre arriv\u00e9e<\/p>\n<p>Temps d&rsquo;attente : 10 minutes maximum apr\u00e8s l&rsquo;heure de prise en charge pr\u00e9vue<\/p>\n<p>Pour toute r\u00e9servation, veuillez contacter la r\u00e9ception.<\/p>\n","protected":false},"excerpt":{"rendered":"<p>Service de navette de l&rsquo;h\u00f4tel (r\u00e9sum\u00e9) Itin\u00e9raire : Gare &#x2194; H\u00f4tel \/ Station de taxis &#x2194; H\u00f4tel Horaires : Tous &#8230;<\/p>\n","protected":false},"author":1,"featured_media":0,"parent":0,"menu_order":0,"comment_status":"closed","ping_status":"closed","template":"anfahrt-template.php","meta":{"_acf_changed":false,"footnotes":""},"class_list":["post-472","page","type-page","status-publish","hentry"],"acf":[],"yoast_head":"<!-- This site is optimized with the Yoast SEO plugin v27.3 - https:\/\/yoast.com\/product\/yoast-seo-wordpress\/ -->\n<title>Transfert - Hotel Beau-Rivage \u00e0 Zermatt<\/title>\n<meta name=\"description\" content=\"De 8h \u00e0 19h, nous offrons \u00e0 nos clients un transfert gratuit de \/ \u00e0 la gare. L&#039;h\u00f4tel se trouve \u00e0 10 minutes \u00e0 pied de la gare.\" \/>\n<meta name=\"robots\" content=\"index, follow, max-snippet:-1, max-image-preview:large, max-video-preview:-1\" \/>\n<link rel=\"canonical\" href=\"https:\/\/www.beau-rivage-zermatt.ch\/fr\/transfert\/\" \/>\n<meta property=\"og:locale\" content=\"fr_FR\" \/>\n<meta property=\"og:type\" content=\"article\" \/>\n<meta property=\"og:title\" content=\"Transfert - Hotel Beau-Rivage \u00e0 Zermatt\" \/>\n<meta property=\"og:description\" content=\"De 8h \u00e0 19h, nous offrons \u00e0 nos clients un transfert gratuit de \/ \u00e0 la gare. L&#039;h\u00f4tel se trouve \u00e0 10 minutes \u00e0 pied de la gare.\" \/>\n<meta property=\"og:url\" content=\"https:\/\/www.beau-rivage-zermatt.ch\/fr\/transfert\/\" \/>\n<meta property=\"og:site_name\" content=\"Hotel Beau Rivage Zermatt\" \/>\n<meta property=\"article:modified_time\" content=\"2026-03-28T12:20:06+00:00\" \/>\n<meta name=\"twitter:card\" content=\"summary_large_image\" \/>\n<meta name=\"twitter:label1\" content=\"Dur\u00e9e de lecture estim\u00e9e\" \/>\n\t<meta name=\"twitter:data1\" content=\"1 minute\" \/>\n<script type=\"application\/ld+json\" class=\"yoast-schema-graph\">{\"@context\":\"https:\\\/\\\/schema.org\",\"@graph\":[{\"@type\":\"WebPage\",\"@id\":\"https:\\\/\\\/www.beau-rivage-zermatt.ch\\\/fr\\\/transfert\\\/\",\"url\":\"https:\\\/\\\/www.beau-rivage-zermatt.ch\\\/fr\\\/transfert\\\/\",\"name\":\"Transfert - Hotel Beau-Rivage \u00e0 Zermatt\",\"isPartOf\":{\"@id\":\"https:\\\/\\\/www.beau-rivage-zermatt.ch\\\/#website\"},\"datePublished\":\"2019-10-23T13:20:27+00:00\",\"dateModified\":\"2026-03-28T12:20:06+00:00\",\"description\":\"De 8h \u00e0 19h, nous offrons \u00e0 nos clients un transfert gratuit de \\\/ \u00e0 la gare. L'h\u00f4tel se trouve \u00e0 10 minutes \u00e0 pied de la gare.\",\"breadcrumb\":{\"@id\":\"https:\\\/\\\/www.beau-rivage-zermatt.ch\\\/fr\\\/transfert\\\/#breadcrumb\"},\"inLanguage\":\"fr-FR\",\"potentialAction\":[{\"@type\":\"ReadAction\",\"target\":[\"https:\\\/\\\/www.beau-rivage-zermatt.ch\\\/fr\\\/transfert\\\/\"]}]},{\"@type\":\"BreadcrumbList\",\"@id\":\"https:\\\/\\\/www.beau-rivage-zermatt.ch\\\/fr\\\/transfert\\\/#breadcrumb\",\"itemListElement\":[{\"@type\":\"ListItem\",\"position\":1,\"name\":\"Startseite\",\"item\":\"https:\\\/\\\/www.beau-rivage-zermatt.ch\\\/fr\\\/\"},{\"@type\":\"ListItem\",\"position\":2,\"name\":\"Transfert\"}]},{\"@type\":\"WebSite\",\"@id\":\"https:\\\/\\\/www.beau-rivage-zermatt.ch\\\/#website\",\"url\":\"https:\\\/\\\/www.beau-rivage-zermatt.ch\\\/\",\"name\":\"Hotel Beau Rivage Zermatt\",\"description\":\"Hotel Beau Rivage Zermatt\",\"potentialAction\":[{\"@type\":\"SearchAction\",\"target\":{\"@type\":\"EntryPoint\",\"urlTemplate\":\"https:\\\/\\\/www.beau-rivage-zermatt.ch\\\/?s={search_term_string}\"},\"query-input\":{\"@type\":\"PropertyValueSpecification\",\"valueRequired\":true,\"valueName\":\"search_term_string\"}}],\"inLanguage\":\"fr-FR\"}]}<\/script>\n<!-- \/ Yoast SEO plugin. -->","yoast_head_json":{"title":"Transfert - Hotel Beau-Rivage \u00e0 Zermatt","description":"De 8h \u00e0 19h, nous offrons \u00e0 nos clients un transfert gratuit de \/ \u00e0 la gare. L'h\u00f4tel se trouve \u00e0 10 minutes \u00e0 pied de la gare.","robots":{"index":"index","follow":"follow","max-snippet":"max-snippet:-1","max-image-preview":"max-image-preview:large","max-video-preview":"max-video-preview:-1"},"canonical":"https:\/\/www.beau-rivage-zermatt.ch\/fr\/transfert\/","og_locale":"fr_FR","og_type":"article","og_title":"Transfert - Hotel Beau-Rivage \u00e0 Zermatt","og_description":"De 8h \u00e0 19h, nous offrons \u00e0 nos clients un transfert gratuit de \/ \u00e0 la gare. L'h\u00f4tel se trouve \u00e0 10 minutes \u00e0 pied de la gare.","og_url":"https:\/\/www.beau-rivage-zermatt.ch\/fr\/transfert\/","og_site_name":"Hotel Beau Rivage Zermatt","article_modified_time":"2026-03-28T12:20:06+00:00","twitter_card":"summary_large_image","twitter_misc":{"Dur\u00e9e de lecture estim\u00e9e":"1 minute"},"schema":{"@context":"https:\/\/schema.org","@graph":[{"@type":"WebPage","@id":"https:\/\/www.beau-rivage-zermatt.ch\/fr\/transfert\/","url":"https:\/\/www.beau-rivage-zermatt.ch\/fr\/transfert\/","name":"Transfert - Hotel Beau-Rivage \u00e0 Zermatt","isPartOf":{"@id":"https:\/\/www.beau-rivage-zermatt.ch\/#website"},"datePublished":"2019-10-23T13:20:27+00:00","dateModified":"2026-03-28T12:20:06+00:00","description":"De 8h \u00e0 19h, nous offrons \u00e0 nos clients un transfert gratuit de \/ \u00e0 la gare. L'h\u00f4tel se trouve \u00e0 10 minutes \u00e0 pied de la gare.","breadcrumb":{"@id":"https:\/\/www.beau-rivage-zermatt.ch\/fr\/transfert\/#breadcrumb"},"inLanguage":"fr-FR","potentialAction":[{"@type":"ReadAction","target":["https:\/\/www.beau-rivage-zermatt.ch\/fr\/transfert\/"]}]},{"@type":"BreadcrumbList","@id":"https:\/\/www.beau-rivage-zermatt.ch\/fr\/transfert\/#breadcrumb","itemListElement":[{"@type":"ListItem","position":1,"name":"Startseite","item":"https:\/\/www.beau-rivage-zermatt.ch\/fr\/"},{"@type":"ListItem","position":2,"name":"Transfert"}]},{"@type":"WebSite","@id":"https:\/\/www.beau-rivage-zermatt.ch\/#website","url":"https:\/\/www.beau-rivage-zermatt.ch\/","name":"Hotel Beau Rivage Zermatt","description":"Hotel Beau Rivage Zermatt","potentialAction":[{"@type":"SearchAction","target":{"@type":"EntryPoint","urlTemplate":"https:\/\/www.beau-rivage-zermatt.ch\/?s={search_term_string}"},"query-input":{"@type":"PropertyValueSpecification","valueRequired":true,"valueName":"search_term_string"}}],"inLanguage":"fr-FR"}]}},"meta_box":{"kontakt":"","webcam1":"","webcam2":"","webcam3":"","webcam4":"","webcam5":"","webcam6":"","bildergalerie":[],"bilderslider":[],"seite1":"","seite2":"","seite3":"","linkportrait":"","medallie":[],"portrait":"","linkjulensport":"","logojulensport":[],"textjulensport":"","seite4":"","seite5":""},"_links":{"self":[{"href":"https:\/\/www.beau-rivage-zermatt.ch\/fr\/wp-json\/wp\/v2\/pages\/472","targetHints":{"allow":["GET"]}}],"collection":[{"href":"https:\/\/www.beau-rivage-zermatt.ch\/fr\/wp-json\/wp\/v2\/pages"}],"about":[{"href":"https:\/\/www.beau-rivage-zermatt.ch\/fr\/wp-json\/wp\/v2\/types\/page"}],"author":[{"embeddable":true,"href":"https:\/\/www.beau-rivage-zermatt.ch\/fr\/wp-json\/wp\/v2\/users\/1"}],"replies":[{"embeddable":true,"href":"https:\/\/www.beau-rivage-zermatt.ch\/fr\/wp-json\/wp\/v2\/comments?post=472"}],"version-history":[{"count":3,"href":"https:\/\/www.beau-rivage-zermatt.ch\/fr\/wp-json\/wp\/v2\/pages\/472\/revisions"}],"predecessor-version":[{"id":1182,"href":"https:\/\/www.beau-rivage-zermatt.ch\/fr\/wp-json\/wp\/v2\/pages\/472\/revisions\/1182"}],"wp:attachment":[{"href":"https:\/\/www.beau-rivage-zermatt.ch\/fr\/wp-json\/wp\/v2\/media?parent=472"}],"curies":[{"name":"wp","href":"https:\/\/api.w.org\/{rel}","templated":true}]}}