{"id":38,"date":"2019-10-16T09:13:28","date_gmt":"2019-10-16T09:13:28","guid":{"rendered":"http:\/\/beauriva.cyon.link\/webpage\/home\/"},"modified":"2025-02-18T08:30:07","modified_gmt":"2025-02-18T08:30:07","slug":"home","status":"publish","type":"page","link":"https:\/\/www.beau-rivage-zermatt.ch\/fr\/","title":{"rendered":"Home"},"content":{"rendered":"<h1>Hotel Garni Beau-Rivage<\/h1>\n<div class=\"lead\">L&rsquo;H\u00f4tel Beau-Rivage est un \u00e9tablissement familial 4 \u00e9toiles de 30 lits. Il est dirig\u00e9 personnellement par la famille Julen.<\/div>\n<p>L&rsquo;H\u00f4tel Beau-Rivage est situ\u00e9 au centre de Zermatt et jouit d\u2019une vue imprenable sur le Mt. Cervin. Son atmosph\u00e8re familiale en fait un lieu d\u2019exception.<\/p>\n<p>Max Julen a \u00e9t\u00e9 champion olympique de slalom g\u00e9ant en 1984 \u00e0 Sarajevo. Il est mari\u00e9 et ils ont trois enfants.<\/p>\n<p>Max est toujours pr\u00eat \u00e0 vous donner les conseils d\u2019un skieur professionnel qui vous permettront de vous am\u00e9liorer dans ce sport lors de vos vacances de ski.<\/p>\n<p>L&rsquo;h\u00f4tel est ouvert en hiver de d\u00e9cembre \u00e0 avril et en \u00e9t\u00e9 de juillet \u00e0 octobre.<\/p>\n","protected":false},"excerpt":{"rendered":"<p>Hotel Garni Beau-Rivage L&rsquo;H\u00f4tel Beau-Rivage est un \u00e9tablissement familial 4 \u00e9toiles de 30 lits. Il est dirig\u00e9 personnellement par la &#8230;<\/p>\n","protected":false},"author":1,"featured_media":0,"parent":0,"menu_order":0,"comment_status":"closed","ping_status":"closed","template":"startseite-template.php","meta":{"_acf_changed":false,"footnotes":""},"class_list":["post-38","page","type-page","status-publish","hentry"],"acf":[],"yoast_head":"<!-- This site is optimized with the Yoast SEO plugin v27.3 - https:\/\/yoast.com\/product\/yoast-seo-wordpress\/ -->\n<title>Hotel Beau-Rivage - Hotel Beau-Rivage \u00e0 Zermatt<\/title>\n<meta name=\"description\" content=\"L&#039;H\u00f4tel Beau-Rivage est un \u00e9tablissement familial 4 \u00e9toiles de 30 lits \u00e0 Zermatt. Il est dirig\u00e9 personnellement par la famille Julen.\" \/>\n<meta name=\"robots\" content=\"index, follow, max-snippet:-1, max-image-preview:large, max-video-preview:-1\" \/>\n<link rel=\"canonical\" href=\"https:\/\/www.beau-rivage-zermatt.ch\/fr\/\" \/>\n<meta property=\"og:locale\" content=\"fr_FR\" \/>\n<meta property=\"og:type\" content=\"article\" \/>\n<meta property=\"og:title\" content=\"Hotel Beau-Rivage - Hotel Beau-Rivage \u00e0 Zermatt\" \/>\n<meta property=\"og:description\" content=\"L&#039;H\u00f4tel Beau-Rivage est un \u00e9tablissement familial 4 \u00e9toiles de 30 lits \u00e0 Zermatt. Il est dirig\u00e9 personnellement par la famille Julen.\" \/>\n<meta property=\"og:url\" content=\"https:\/\/www.beau-rivage-zermatt.ch\/fr\/\" \/>\n<meta property=\"og:site_name\" content=\"Hotel Beau Rivage Zermatt\" \/>\n<meta property=\"article:modified_time\" content=\"2025-02-18T08:30:07+00:00\" \/>\n<meta name=\"twitter:card\" content=\"summary_large_image\" \/>\n<meta name=\"twitter:label1\" content=\"Dur\u00e9e de lecture estim\u00e9e\" \/>\n\t<meta name=\"twitter:data1\" content=\"1 minute\" \/>\n<script type=\"application\/ld+json\" class=\"yoast-schema-graph\">{\"@context\":\"https:\\\/\\\/schema.org\",\"@graph\":[{\"@type\":\"WebPage\",\"@id\":\"https:\\\/\\\/www.beau-rivage-zermatt.ch\\\/fr\\\/\",\"url\":\"https:\\\/\\\/www.beau-rivage-zermatt.ch\\\/fr\\\/\",\"name\":\"Hotel Beau-Rivage - Hotel Beau-Rivage \u00e0 Zermatt\",\"isPartOf\":{\"@id\":\"https:\\\/\\\/www.beau-rivage-zermatt.ch\\\/#website\"},\"datePublished\":\"2019-10-16T09:13:28+00:00\",\"dateModified\":\"2025-02-18T08:30:07+00:00\",\"description\":\"L'H\u00f4tel Beau-Rivage est un \u00e9tablissement familial 4 \u00e9toiles de 30 lits \u00e0 Zermatt. Il est dirig\u00e9 personnellement par la famille Julen.\",\"breadcrumb\":{\"@id\":\"https:\\\/\\\/www.beau-rivage-zermatt.ch\\\/fr\\\/#breadcrumb\"},\"inLanguage\":\"fr-FR\",\"potentialAction\":[{\"@type\":\"ReadAction\",\"target\":[\"https:\\\/\\\/www.beau-rivage-zermatt.ch\\\/fr\\\/\"]}]},{\"@type\":\"BreadcrumbList\",\"@id\":\"https:\\\/\\\/www.beau-rivage-zermatt.ch\\\/fr\\\/#breadcrumb\",\"itemListElement\":[{\"@type\":\"ListItem\",\"position\":1,\"name\":\"Startseite\",\"item\":\"https:\\\/\\\/www.beau-rivage-zermatt.ch\\\/fr\\\/\"},{\"@type\":\"ListItem\",\"position\":2,\"name\":\"Home\"}]},{\"@type\":\"WebSite\",\"@id\":\"https:\\\/\\\/www.beau-rivage-zermatt.ch\\\/#website\",\"url\":\"https:\\\/\\\/www.beau-rivage-zermatt.ch\\\/\",\"name\":\"Hotel Beau Rivage Zermatt\",\"description\":\"Hotel Beau Rivage Zermatt\",\"potentialAction\":[{\"@type\":\"SearchAction\",\"target\":{\"@type\":\"EntryPoint\",\"urlTemplate\":\"https:\\\/\\\/www.beau-rivage-zermatt.ch\\\/?s={search_term_string}\"},\"query-input\":{\"@type\":\"PropertyValueSpecification\",\"valueRequired\":true,\"valueName\":\"search_term_string\"}}],\"inLanguage\":\"fr-FR\"}]}<\/script>\n<!-- \/ Yoast SEO plugin. -->","yoast_head_json":{"title":"Hotel Beau-Rivage - Hotel Beau-Rivage \u00e0 Zermatt","description":"L'H\u00f4tel Beau-Rivage est un \u00e9tablissement familial 4 \u00e9toiles de 30 lits \u00e0 Zermatt. Il est dirig\u00e9 personnellement par la famille Julen.","robots":{"index":"index","follow":"follow","max-snippet":"max-snippet:-1","max-image-preview":"max-image-preview:large","max-video-preview":"max-video-preview:-1"},"canonical":"https:\/\/www.beau-rivage-zermatt.ch\/fr\/","og_locale":"fr_FR","og_type":"article","og_title":"Hotel Beau-Rivage - Hotel Beau-Rivage \u00e0 Zermatt","og_description":"L'H\u00f4tel Beau-Rivage est un \u00e9tablissement familial 4 \u00e9toiles de 30 lits \u00e0 Zermatt. Il est dirig\u00e9 personnellement par la famille Julen.","og_url":"https:\/\/www.beau-rivage-zermatt.ch\/fr\/","og_site_name":"Hotel Beau Rivage Zermatt","article_modified_time":"2025-02-18T08:30:07+00:00","twitter_card":"summary_large_image","twitter_misc":{"Dur\u00e9e de lecture estim\u00e9e":"1 minute"},"schema":{"@context":"https:\/\/schema.org","@graph":[{"@type":"WebPage","@id":"https:\/\/www.beau-rivage-zermatt.ch\/fr\/","url":"https:\/\/www.beau-rivage-zermatt.ch\/fr\/","name":"Hotel Beau-Rivage - Hotel Beau-Rivage \u00e0 Zermatt","isPartOf":{"@id":"https:\/\/www.beau-rivage-zermatt.ch\/#website"},"datePublished":"2019-10-16T09:13:28+00:00","dateModified":"2025-02-18T08:30:07+00:00","description":"L'H\u00f4tel Beau-Rivage est un \u00e9tablissement familial 4 \u00e9toiles de 30 lits \u00e0 Zermatt. Il est dirig\u00e9 personnellement par la famille Julen.","breadcrumb":{"@id":"https:\/\/www.beau-rivage-zermatt.ch\/fr\/#breadcrumb"},"inLanguage":"fr-FR","potentialAction":[{"@type":"ReadAction","target":["https:\/\/www.beau-rivage-zermatt.ch\/fr\/"]}]},{"@type":"BreadcrumbList","@id":"https:\/\/www.beau-rivage-zermatt.ch\/fr\/#breadcrumb","itemListElement":[{"@type":"ListItem","position":1,"name":"Startseite","item":"https:\/\/www.beau-rivage-zermatt.ch\/fr\/"},{"@type":"ListItem","position":2,"name":"Home"}]},{"@type":"WebSite","@id":"https:\/\/www.beau-rivage-zermatt.ch\/#website","url":"https:\/\/www.beau-rivage-zermatt.ch\/","name":"Hotel Beau Rivage Zermatt","description":"Hotel Beau Rivage Zermatt","potentialAction":[{"@type":"SearchAction","target":{"@type":"EntryPoint","urlTemplate":"https:\/\/www.beau-rivage-zermatt.ch\/?s={search_term_string}"},"query-input":{"@type":"PropertyValueSpecification","valueRequired":true,"valueName":"search_term_string"}}],"inLanguage":"fr-FR"}]}},"meta_box":{"kontakt":"","webcam1":"","webcam2":"","webcam3":"","webcam4":"","webcam5":"","webcam6":"","bildergalerie":[],"bilderslider":[{"width":150,"height":150,"file":"2025\/02\/A7400400-HDR.jpg","filesize":487453,"sizes":{"medium":{"file":"A7400400-HDR-300x200.jpg","width":300,"height":200,"mime-type":"image\/jpeg","filesize":16420,"url":"https:\/\/www.beau-rivage-zermatt.ch\/wp-content\/uploads\/2025\/02\/A7400400-HDR-300x200.jpg"},"large":{"file":"A7400400-HDR-1024x683.jpg","width":1024,"height":683,"mime-type":"image\/jpeg","filesize":122859,"url":"https:\/\/www.beau-rivage-zermatt.ch\/wp-content\/uploads\/2025\/02\/A7400400-HDR-1024x683.jpg"},"thumbnail":{"file":"A7400400-HDR-150x150.jpg","width":150,"height":150,"mime-type":"image\/jpeg","filesize":7767,"url":"https:\/\/www.beau-rivage-zermatt.ch\/wp-content\/uploads\/2025\/02\/A7400400-HDR-150x150.jpg"},"medium_large":{"file":"A7400400-HDR-768x512.jpg","width":768,"height":512,"mime-type":"image\/jpeg","filesize":74398,"url":"https:\/\/www.beau-rivage-zermatt.ch\/wp-content\/uploads\/2025\/02\/A7400400-HDR-768x512.jpg"},"lazy-thumb":{"file":"A7400400-HDR-20x13.jpg","width":20,"height":13,"mime-type":"image\/jpeg","filesize":1728,"url":"https:\/\/www.beau-rivage-zermatt.ch\/wp-content\/uploads\/2025\/02\/A7400400-HDR-20x13.jpg"},"small_mobile":{"file":"A7400400-HDR-300x200.jpg","width":300,"height":200,"mime-type":"image\/jpeg","filesize":16420,"url":"https:\/\/www.beau-rivage-zermatt.ch\/wp-content\/uploads\/2025\/02\/A7400400-HDR-300x200.jpg"},"mobile":{"file":"A7400400-HDR-500x333.jpg","width":500,"height":333,"mime-type":"image\/jpeg","filesize":36961,"url":"https:\/\/www.beau-rivage-zermatt.ch\/wp-content\/uploads\/2025\/02\/A7400400-HDR-500x333.jpg"},"tablet":{"file":"A7400400-HDR-768x512.jpg","width":768,"height":512,"mime-type":"image\/jpeg","filesize":74398,"url":"https:\/\/www.beau-rivage-zermatt.ch\/wp-content\/uploads\/2025\/02\/A7400400-HDR-768x512.jpg"},"tablet_992":{"file":"A7400400-HDR-992x661.jpg","width":992,"height":661,"mime-type":"image\/jpeg","filesize":116343,"url":"https:\/\/www.beau-rivage-zermatt.ch\/wp-content\/uploads\/2025\/02\/A7400400-HDR-992x661.jpg"}},"image_meta":{"aperture":"0","credit":"","camera":"","caption":"","created_timestamp":"0","copyright":"DELIL GEYIK","focal_length":"0","iso":"0","shutter_speed":"0","title":"","orientation":"0","keywords":[]},"ID":"1063","name":"A7400400-HDR.jpg","path":"\/var\/www\/vhosts\/beau-rivage-zermatt.ch\/httpdocs\/wp-content\/uploads\/2025\/02\/A7400400-HDR.jpg","url":"https:\/\/www.beau-rivage-zermatt.ch\/wp-content\/uploads\/2025\/02\/A7400400-HDR-150x150.jpg","full_url":"https:\/\/www.beau-rivage-zermatt.ch\/wp-content\/uploads\/2025\/02\/A7400400-HDR.jpg","title":"A7400400-HDR","caption":"","description":"","alt":"","srcset":false},{"width":150,"height":150,"file":"2025\/02\/A7400460-HDR.jpg","filesize":543123,"sizes":{"medium":{"file":"A7400460-HDR-300x200.jpg","width":300,"height":200,"mime-type":"image\/jpeg","filesize":20307,"url":"https:\/\/www.beau-rivage-zermatt.ch\/wp-content\/uploads\/2025\/02\/A7400460-HDR-300x200.jpg"},"large":{"file":"A7400460-HDR-1024x683.jpg","width":1024,"height":683,"mime-type":"image\/jpeg","filesize":149599,"url":"https:\/\/www.beau-rivage-zermatt.ch\/wp-content\/uploads\/2025\/02\/A7400460-HDR-1024x683.jpg"},"thumbnail":{"file":"A7400460-HDR-150x150.jpg","width":150,"height":150,"mime-type":"image\/jpeg","filesize":9257,"url":"https:\/\/www.beau-rivage-zermatt.ch\/wp-content\/uploads\/2025\/02\/A7400460-HDR-150x150.jpg"},"medium_large":{"file":"A7400460-HDR-768x512.jpg","width":768,"height":512,"mime-type":"image\/jpeg","filesize":92079,"url":"https:\/\/www.beau-rivage-zermatt.ch\/wp-content\/uploads\/2025\/02\/A7400460-HDR-768x512.jpg"},"lazy-thumb":{"file":"A7400460-HDR-20x13.jpg","width":20,"height":13,"mime-type":"image\/jpeg","filesize":1700,"url":"https:\/\/www.beau-rivage-zermatt.ch\/wp-content\/uploads\/2025\/02\/A7400460-HDR-20x13.jpg"},"small_mobile":{"file":"A7400460-HDR-300x200.jpg","width":300,"height":200,"mime-type":"image\/jpeg","filesize":20307,"url":"https:\/\/www.beau-rivage-zermatt.ch\/wp-content\/uploads\/2025\/02\/A7400460-HDR-300x200.jpg"},"mobile":{"file":"A7400460-HDR-500x333.jpg","width":500,"height":333,"mime-type":"image\/jpeg","filesize":45695,"url":"https:\/\/www.beau-rivage-zermatt.ch\/wp-content\/uploads\/2025\/02\/A7400460-HDR-500x333.jpg"},"tablet":{"file":"A7400460-HDR-768x512.jpg","width":768,"height":512,"mime-type":"image\/jpeg","filesize":92079,"url":"https:\/\/www.beau-rivage-zermatt.ch\/wp-content\/uploads\/2025\/02\/A7400460-HDR-768x512.jpg"},"tablet_992":{"file":"A7400460-HDR-992x661.jpg","width":992,"height":661,"mime-type":"image\/jpeg","filesize":141671,"url":"https:\/\/www.beau-rivage-zermatt.ch\/wp-content\/uploads\/2025\/02\/A7400460-HDR-992x661.jpg"}},"image_meta":{"aperture":"0","credit":"","camera":"","caption":"","created_timestamp":"0","copyright":"DELIL GEYIK","focal_length":"0","iso":"0","shutter_speed":"0","title":"","orientation":"0","keywords":[]},"ID":"1087","name":"A7400460-HDR.jpg","path":"\/var\/www\/vhosts\/beau-rivage-zermatt.ch\/httpdocs\/wp-content\/uploads\/2025\/02\/A7400460-HDR.jpg","url":"https:\/\/www.beau-rivage-zermatt.ch\/wp-content\/uploads\/2025\/02\/A7400460-HDR-150x150.jpg","full_url":"https:\/\/www.beau-rivage-zermatt.ch\/wp-content\/uploads\/2025\/02\/A7400460-HDR.jpg","title":"A7400460-HDR","caption":"","description":"","alt":"","srcset":false},{"width":150,"height":150,"file":"2025\/02\/A7400314-HDR.jpg","filesize":697232,"sizes":{"medium":{"file":"A7400314-HDR-300x200.jpg","width":300,"height":200,"mime-type":"image\/jpeg","filesize":26629,"url":"https:\/\/www.beau-rivage-zermatt.ch\/wp-content\/uploads\/2025\/02\/A7400314-HDR-300x200.jpg"},"large":{"file":"A7400314-HDR-1024x683.jpg","width":1024,"height":683,"mime-type":"image\/jpeg","filesize":203270,"url":"https:\/\/www.beau-rivage-zermatt.ch\/wp-content\/uploads\/2025\/02\/A7400314-HDR-1024x683.jpg"},"thumbnail":{"file":"A7400314-HDR-150x150.jpg","width":150,"height":150,"mime-type":"image\/jpeg","filesize":11966,"url":"https:\/\/www.beau-rivage-zermatt.ch\/wp-content\/uploads\/2025\/02\/A7400314-HDR-150x150.jpg"},"medium_large":{"file":"A7400314-HDR-768x512.jpg","width":768,"height":512,"mime-type":"image\/jpeg","filesize":125903,"url":"https:\/\/www.beau-rivage-zermatt.ch\/wp-content\/uploads\/2025\/02\/A7400314-HDR-768x512.jpg"},"lazy-thumb":{"file":"A7400314-HDR-20x13.jpg","width":20,"height":13,"mime-type":"image\/jpeg","filesize":1742,"url":"https:\/\/www.beau-rivage-zermatt.ch\/wp-content\/uploads\/2025\/02\/A7400314-HDR-20x13.jpg"},"small_mobile":{"file":"A7400314-HDR-300x200.jpg","width":300,"height":200,"mime-type":"image\/jpeg","filesize":26629,"url":"https:\/\/www.beau-rivage-zermatt.ch\/wp-content\/uploads\/2025\/02\/A7400314-HDR-300x200.jpg"},"mobile":{"file":"A7400314-HDR-500x333.jpg","width":500,"height":333,"mime-type":"image\/jpeg","filesize":62359,"url":"https:\/\/www.beau-rivage-zermatt.ch\/wp-content\/uploads\/2025\/02\/A7400314-HDR-500x333.jpg"},"tablet":{"file":"A7400314-HDR-768x512.jpg","width":768,"height":512,"mime-type":"image\/jpeg","filesize":125903,"url":"https:\/\/www.beau-rivage-zermatt.ch\/wp-content\/uploads\/2025\/02\/A7400314-HDR-768x512.jpg"},"tablet_992":{"file":"A7400314-HDR-992x661.jpg","width":992,"height":661,"mime-type":"image\/jpeg","filesize":192652,"url":"https:\/\/www.beau-rivage-zermatt.ch\/wp-content\/uploads\/2025\/02\/A7400314-HDR-992x661.jpg"}},"image_meta":{"aperture":"0","credit":"","camera":"","caption":"","created_timestamp":"0","copyright":"DELIL GEYIK","focal_length":"0","iso":"0","shutter_speed":"0","title":"","orientation":"0","keywords":[]},"ID":"1033","name":"A7400314-HDR.jpg","path":"\/var\/www\/vhosts\/beau-rivage-zermatt.ch\/httpdocs\/wp-content\/uploads\/2025\/02\/A7400314-HDR.jpg","url":"https:\/\/www.beau-rivage-zermatt.ch\/wp-content\/uploads\/2025\/02\/A7400314-HDR-150x150.jpg","full_url":"https:\/\/www.beau-rivage-zermatt.ch\/wp-content\/uploads\/2025\/02\/A7400314-HDR.jpg","title":"A7400314-HDR","caption":"","description":"","alt":"","srcset":false},{"width":150,"height":150,"file":"2025\/02\/A7400181-HDR.jpg","filesize":262859,"sizes":{"medium":{"file":"A7400181-HDR-300x200.jpg","width":300,"height":200,"mime-type":"image\/jpeg","filesize":10727,"url":"https:\/\/www.beau-rivage-zermatt.ch\/wp-content\/uploads\/2025\/02\/A7400181-HDR-300x200.jpg"},"large":{"file":"A7400181-HDR-1024x683.jpg","width":1024,"height":683,"mime-type":"image\/jpeg","filesize":66355,"url":"https:\/\/www.beau-rivage-zermatt.ch\/wp-content\/uploads\/2025\/02\/A7400181-HDR-1024x683.jpg"},"thumbnail":{"file":"A7400181-HDR-150x150.jpg","width":150,"height":150,"mime-type":"image\/jpeg","filesize":5617,"url":"https:\/\/www.beau-rivage-zermatt.ch\/wp-content\/uploads\/2025\/02\/A7400181-HDR-150x150.jpg"},"medium_large":{"file":"A7400181-HDR-768x512.jpg","width":768,"height":512,"mime-type":"image\/jpeg","filesize":41693,"url":"https:\/\/www.beau-rivage-zermatt.ch\/wp-content\/uploads\/2025\/02\/A7400181-HDR-768x512.jpg"},"lazy-thumb":{"file":"A7400181-HDR-20x13.jpg","width":20,"height":13,"mime-type":"image\/jpeg","filesize":1700,"url":"https:\/\/www.beau-rivage-zermatt.ch\/wp-content\/uploads\/2025\/02\/A7400181-HDR-20x13.jpg"},"small_mobile":{"file":"A7400181-HDR-300x200.jpg","width":300,"height":200,"mime-type":"image\/jpeg","filesize":10727,"url":"https:\/\/www.beau-rivage-zermatt.ch\/wp-content\/uploads\/2025\/02\/A7400181-HDR-300x200.jpg"},"mobile":{"file":"A7400181-HDR-500x333.jpg","width":500,"height":333,"mime-type":"image\/jpeg","filesize":21878,"url":"https:\/\/www.beau-rivage-zermatt.ch\/wp-content\/uploads\/2025\/02\/A7400181-HDR-500x333.jpg"},"tablet":{"file":"A7400181-HDR-768x512.jpg","width":768,"height":512,"mime-type":"image\/jpeg","filesize":41693,"url":"https:\/\/www.beau-rivage-zermatt.ch\/wp-content\/uploads\/2025\/02\/A7400181-HDR-768x512.jpg"},"tablet_992":{"file":"A7400181-HDR-992x661.jpg","width":992,"height":661,"mime-type":"image\/jpeg","filesize":62916,"url":"https:\/\/www.beau-rivage-zermatt.ch\/wp-content\/uploads\/2025\/02\/A7400181-HDR-992x661.jpg"}},"image_meta":{"aperture":"0","credit":"","camera":"","caption":"","created_timestamp":"0","copyright":"DELIL GEYIK","focal_length":"0","iso":"0","shutter_speed":"0","title":"","orientation":"0","keywords":[]},"ID":"967","name":"A7400181-HDR.jpg","path":"\/var\/www\/vhosts\/beau-rivage-zermatt.ch\/httpdocs\/wp-content\/uploads\/2025\/02\/A7400181-HDR.jpg","url":"https:\/\/www.beau-rivage-zermatt.ch\/wp-content\/uploads\/2025\/02\/A7400181-HDR-150x150.jpg","full_url":"https:\/\/www.beau-rivage-zermatt.ch\/wp-content\/uploads\/2025\/02\/A7400181-HDR.jpg","title":"A7400181-HDR","caption":"","description":"","alt":"","srcset":false},{"width":150,"height":150,"file":"2025\/02\/DJI_0012.jpg","filesize":847519,"sizes":{"medium":{"file":"DJI_0012-300x169.jpg","width":300,"height":169,"mime-type":"image\/jpeg","filesize":24613,"url":"https:\/\/www.beau-rivage-zermatt.ch\/wp-content\/uploads\/2025\/02\/DJI_0012-300x169.jpg"},"large":{"file":"DJI_0012-1024x576.jpg","width":1024,"height":576,"mime-type":"image\/jpeg","filesize":224778,"url":"https:\/\/www.beau-rivage-zermatt.ch\/wp-content\/uploads\/2025\/02\/DJI_0012-1024x576.jpg"},"thumbnail":{"file":"DJI_0012-150x150.jpg","width":150,"height":150,"mime-type":"image\/jpeg","filesize":11334,"url":"https:\/\/www.beau-rivage-zermatt.ch\/wp-content\/uploads\/2025\/02\/DJI_0012-150x150.jpg"},"medium_large":{"file":"DJI_0012-768x432.jpg","width":768,"height":432,"mime-type":"image\/jpeg","filesize":132303,"url":"https:\/\/www.beau-rivage-zermatt.ch\/wp-content\/uploads\/2025\/02\/DJI_0012-768x432.jpg"},"lazy-thumb":{"file":"DJI_0012-20x11.jpg","width":20,"height":11,"mime-type":"image\/jpeg","filesize":1478,"url":"https:\/\/www.beau-rivage-zermatt.ch\/wp-content\/uploads\/2025\/02\/DJI_0012-20x11.jpg"},"small_mobile":{"file":"DJI_0012-300x169.jpg","width":300,"height":169,"mime-type":"image\/jpeg","filesize":24613,"url":"https:\/\/www.beau-rivage-zermatt.ch\/wp-content\/uploads\/2025\/02\/DJI_0012-300x169.jpg"},"mobile":{"file":"DJI_0012-500x281.jpg","width":500,"height":281,"mime-type":"image\/jpeg","filesize":60537,"url":"https:\/\/www.beau-rivage-zermatt.ch\/wp-content\/uploads\/2025\/02\/DJI_0012-500x281.jpg"},"tablet":{"file":"DJI_0012-768x432.jpg","width":768,"height":432,"mime-type":"image\/jpeg","filesize":132303,"url":"https:\/\/www.beau-rivage-zermatt.ch\/wp-content\/uploads\/2025\/02\/DJI_0012-768x432.jpg"},"tablet_992":{"file":"DJI_0012-992x558.jpg","width":992,"height":558,"mime-type":"image\/jpeg","filesize":212635,"url":"https:\/\/www.beau-rivage-zermatt.ch\/wp-content\/uploads\/2025\/02\/DJI_0012-992x558.jpg"}},"image_meta":{"aperture":"0","credit":"","camera":"","caption":"","created_timestamp":"0","copyright":"","focal_length":"0","iso":"0","shutter_speed":"0","title":"","orientation":"0","keywords":[]},"ID":"1099","name":"DJI_0012.jpg","path":"\/var\/www\/vhosts\/beau-rivage-zermatt.ch\/httpdocs\/wp-content\/uploads\/2025\/02\/DJI_0012.jpg","url":"https:\/\/www.beau-rivage-zermatt.ch\/wp-content\/uploads\/2025\/02\/DJI_0012-150x150.jpg","full_url":"https:\/\/www.beau-rivage-zermatt.ch\/wp-content\/uploads\/2025\/02\/DJI_0012.jpg","title":"DJI_0012","caption":"","description":"","alt":"","srcset":false}],"seite1":331,"seite2":225,"seite3":242,"linkportrait":"https:\/\/www.beau-rivage-zermatt.ch\/fr\/portrait\/","medallie":[{"width":150,"height":150,"file":"2019\/10\/Hotel-Beau-Rivage-Zermatt-Medallie-Olympia.png","sizes":{"thumbnail":{"file":"Hotel-Beau-Rivage-Zermatt-Medallie-Olympia-150x150.png","width":150,"height":150,"mime-type":"image\/png","url":"https:\/\/www.beau-rivage-zermatt.ch\/wp-content\/uploads\/2019\/10\/Hotel-Beau-Rivage-Zermatt-Medallie-Olympia-150x150.png"},"lazy-thumb":{"file":"Hotel-Beau-Rivage-Zermatt-Medallie-Olympia-20x20.png","width":20,"height":20,"mime-type":"image\/png","url":"https:\/\/www.beau-rivage-zermatt.ch\/wp-content\/uploads\/2019\/10\/Hotel-Beau-Rivage-Zermatt-Medallie-Olympia-20x20.png"}},"image_meta":{"aperture":"0","credit":"","camera":"","caption":"","created_timestamp":"0","copyright":"","focal_length":"0","iso":"0","shutter_speed":"0","title":"","orientation":"0","keywords":[]},"ID":"468","name":"Hotel-Beau-Rivage-Zermatt-Medallie-Olympia.png","path":"\/var\/www\/vhosts\/beau-rivage-zermatt.ch\/httpdocs\/wp-content\/uploads\/2019\/10\/Hotel-Beau-Rivage-Zermatt-Medallie-Olympia.png","url":"https:\/\/www.beau-rivage-zermatt.ch\/wp-content\/uploads\/2019\/10\/Hotel-Beau-Rivage-Zermatt-Medallie-Olympia-150x150.png","full_url":"https:\/\/www.beau-rivage-zermatt.ch\/wp-content\/uploads\/2019\/10\/Hotel-Beau-Rivage-Zermatt-Medallie-Olympia.png","title":"Hotel-Beau-Rivage-Zermatt-Medallie-Olympia","caption":"","description":"","alt":"","srcset":"https:\/\/www.beau-rivage-zermatt.ch\/wp-content\/uploads\/2019\/10\/Hotel-Beau-Rivage-Zermatt-Medallie-Olympia-150x150.png 150w, https:\/\/www.beau-rivage-zermatt.ch\/wp-content\/uploads\/2019\/10\/Hotel-Beau-Rivage-Zermatt-Medallie-Olympia-20x20.png 20w, https:\/\/www.beau-rivage-zermatt.ch\/wp-content\/uploads\/2019\/10\/Hotel-Beau-Rivage-Zermatt-Medallie-Olympia.png 250w"}],"portrait":"<h3>Portrait<\/h3>\n<p><b>Max Julen<\/b><br \/>\nMax Julen est un ancien coureur de ski. Le 14 f\u00e9vrier 1984, il remporte l'or en slalom g\u00e9ant aux Jeux olympiques d'hiver de Sarajevo.<\/p>\n","linkjulensport":"https:\/\/www.julensport.ch\/","logojulensport":[{"width":150,"height":150,"file":"2019\/10\/Hotel-Beau-Rivage-Logo-Julen-Sport.png","sizes":{"thumbnail":{"file":"Hotel-Beau-Rivage-Logo-Julen-Sport-150x150.png","width":150,"height":150,"mime-type":"image\/png","url":"https:\/\/www.beau-rivage-zermatt.ch\/wp-content\/uploads\/2019\/10\/Hotel-Beau-Rivage-Logo-Julen-Sport-150x150.png"},"medium":{"file":"Hotel-Beau-Rivage-Logo-Julen-Sport-204x300.png","width":204,"height":300,"mime-type":"image\/png","url":"https:\/\/www.beau-rivage-zermatt.ch\/wp-content\/uploads\/2019\/10\/Hotel-Beau-Rivage-Logo-Julen-Sport-204x300.png"},"lazy-thumb":{"file":"Hotel-Beau-Rivage-Logo-Julen-Sport-20x29.png","width":20,"height":29,"mime-type":"image\/png","url":"https:\/\/www.beau-rivage-zermatt.ch\/wp-content\/uploads\/2019\/10\/Hotel-Beau-Rivage-Logo-Julen-Sport-20x29.png"},"small_mobile":{"file":"Hotel-Beau-Rivage-Logo-Julen-Sport-300x440.png","width":300,"height":440,"mime-type":"image\/png","url":"https:\/\/www.beau-rivage-zermatt.ch\/wp-content\/uploads\/2019\/10\/Hotel-Beau-Rivage-Logo-Julen-Sport-300x440.png"}},"image_meta":{"aperture":"0","credit":"","camera":"","caption":"","created_timestamp":"0","copyright":"","focal_length":"0","iso":"0","shutter_speed":"0","title":"","orientation":"0","keywords":[]},"ID":"591","name":"Hotel-Beau-Rivage-Logo-Julen-Sport.png","path":"\/var\/www\/vhosts\/beau-rivage-zermatt.ch\/httpdocs\/wp-content\/uploads\/2019\/10\/Hotel-Beau-Rivage-Logo-Julen-Sport.png","url":"https:\/\/www.beau-rivage-zermatt.ch\/wp-content\/uploads\/2019\/10\/Hotel-Beau-Rivage-Logo-Julen-Sport-150x150.png","full_url":"https:\/\/www.beau-rivage-zermatt.ch\/wp-content\/uploads\/2019\/10\/Hotel-Beau-Rivage-Logo-Julen-Sport.png","title":"Hotel-Beau-Rivage-Logo-Julen-Sport","caption":"","description":"","alt":"Hotel Beau Rivage Logo Julen Sport","srcset":false}],"textjulensport":"<h3>Julen Sport<\/h3>\n<p><b>The olympic champion store<\/b><br \/>\nNotre magasin de sport d\u00e9passe toutes vos attentes! Laissez notre \u00e9quipe de professionnels vous conseiller sur les meilleurs produits.<\/p>\n","seite4":"","seite5":270},"_links":{"self":[{"href":"https:\/\/www.beau-rivage-zermatt.ch\/fr\/wp-json\/wp\/v2\/pages\/38","targetHints":{"allow":["GET"]}}],"collection":[{"href":"https:\/\/www.beau-rivage-zermatt.ch\/fr\/wp-json\/wp\/v2\/pages"}],"about":[{"href":"https:\/\/www.beau-rivage-zermatt.ch\/fr\/wp-json\/wp\/v2\/types\/page"}],"author":[{"embeddable":true,"href":"https:\/\/www.beau-rivage-zermatt.ch\/fr\/wp-json\/wp\/v2\/users\/1"}],"replies":[{"embeddable":true,"href":"https:\/\/www.beau-rivage-zermatt.ch\/fr\/wp-json\/wp\/v2\/comments?post=38"}],"version-history":[{"count":1,"href":"https:\/\/www.beau-rivage-zermatt.ch\/fr\/wp-json\/wp\/v2\/pages\/38\/revisions"}],"predecessor-version":[{"id":449,"href":"https:\/\/www.beau-rivage-zermatt.ch\/fr\/wp-json\/wp\/v2\/pages\/38\/revisions\/449"}],"wp:attachment":[{"href":"https:\/\/www.beau-rivage-zermatt.ch\/fr\/wp-json\/wp\/v2\/media?parent=38"}],"curies":[{"name":"wp","href":"https:\/\/api.w.org\/{rel}","templated":true}]}}