{"id":320,"date":"2019-10-16T17:56:31","date_gmt":"2019-10-16T17:56:31","guid":{"rendered":"http:\/\/beauriva.cyon.link\/webpage\/?page_id=320"},"modified":"2019-10-17T02:58:08","modified_gmt":"2019-10-17T02:58:08","slug":"webcams","status":"publish","type":"page","link":"https:\/\/www.beau-rivage-zermatt.ch\/fr\/webcams\/","title":{"rendered":"Webcams"},"content":{"rendered":"","protected":false},"excerpt":{"rendered":"","protected":false},"author":1,"featured_media":0,"parent":0,"menu_order":0,"comment_status":"closed","ping_status":"closed","template":"webcams-template.php","meta":{"_acf_changed":false,"footnotes":""},"class_list":["post-320","page","type-page","status-publish","hentry"],"acf":[],"yoast_head":"<!-- This site is optimized with the Yoast SEO plugin v27.3 - https:\/\/yoast.com\/product\/yoast-seo-wordpress\/ -->\n<title>Webcams - Hotel Beau-Rivage \u00e0 Zermatt<\/title>\n<meta name=\"description\" content=\"Gr\u00e2ce \u00e0 nos webcams, vous pouvez toujours voir le temps qu&#039;il fait \u00e0 Zermatt.\" \/>\n<meta name=\"robots\" content=\"index, follow, max-snippet:-1, max-image-preview:large, max-video-preview:-1\" \/>\n<link rel=\"canonical\" href=\"https:\/\/www.beau-rivage-zermatt.ch\/fr\/webcams\/\" \/>\n<meta property=\"og:locale\" content=\"fr_FR\" \/>\n<meta property=\"og:type\" content=\"article\" \/>\n<meta property=\"og:title\" content=\"Webcams - Hotel Beau-Rivage \u00e0 Zermatt\" \/>\n<meta property=\"og:description\" content=\"Gr\u00e2ce \u00e0 nos webcams, vous pouvez toujours voir le temps qu&#039;il fait \u00e0 Zermatt.\" \/>\n<meta property=\"og:url\" content=\"https:\/\/www.beau-rivage-zermatt.ch\/fr\/webcams\/\" \/>\n<meta property=\"og:site_name\" content=\"Hotel Beau Rivage Zermatt\" \/>\n<meta property=\"article:modified_time\" content=\"2019-10-17T02:58:08+00:00\" \/>\n<meta name=\"twitter:card\" content=\"summary_large_image\" \/>\n<script type=\"application\/ld+json\" class=\"yoast-schema-graph\">{\"@context\":\"https:\\\/\\\/schema.org\",\"@graph\":[{\"@type\":\"WebPage\",\"@id\":\"https:\\\/\\\/www.beau-rivage-zermatt.ch\\\/fr\\\/webcams\\\/\",\"url\":\"https:\\\/\\\/www.beau-rivage-zermatt.ch\\\/fr\\\/webcams\\\/\",\"name\":\"Webcams - Hotel Beau-Rivage \u00e0 Zermatt\",\"isPartOf\":{\"@id\":\"https:\\\/\\\/www.beau-rivage-zermatt.ch\\\/#website\"},\"datePublished\":\"2019-10-16T17:56:31+00:00\",\"dateModified\":\"2019-10-17T02:58:08+00:00\",\"description\":\"Gr\u00e2ce \u00e0 nos webcams, vous pouvez toujours voir le temps qu'il fait \u00e0 Zermatt.\",\"breadcrumb\":{\"@id\":\"https:\\\/\\\/www.beau-rivage-zermatt.ch\\\/fr\\\/webcams\\\/#breadcrumb\"},\"inLanguage\":\"fr-FR\",\"potentialAction\":[{\"@type\":\"ReadAction\",\"target\":[\"https:\\\/\\\/www.beau-rivage-zermatt.ch\\\/fr\\\/webcams\\\/\"]}]},{\"@type\":\"BreadcrumbList\",\"@id\":\"https:\\\/\\\/www.beau-rivage-zermatt.ch\\\/fr\\\/webcams\\\/#breadcrumb\",\"itemListElement\":[{\"@type\":\"ListItem\",\"position\":1,\"name\":\"Startseite\",\"item\":\"https:\\\/\\\/www.beau-rivage-zermatt.ch\\\/fr\\\/\"},{\"@type\":\"ListItem\",\"position\":2,\"name\":\"Webcams\"}]},{\"@type\":\"WebSite\",\"@id\":\"https:\\\/\\\/www.beau-rivage-zermatt.ch\\\/#website\",\"url\":\"https:\\\/\\\/www.beau-rivage-zermatt.ch\\\/\",\"name\":\"Hotel Beau Rivage Zermatt\",\"description\":\"Hotel Beau Rivage Zermatt\",\"potentialAction\":[{\"@type\":\"SearchAction\",\"target\":{\"@type\":\"EntryPoint\",\"urlTemplate\":\"https:\\\/\\\/www.beau-rivage-zermatt.ch\\\/?s={search_term_string}\"},\"query-input\":{\"@type\":\"PropertyValueSpecification\",\"valueRequired\":true,\"valueName\":\"search_term_string\"}}],\"inLanguage\":\"fr-FR\"}]}<\/script>\n<!-- \/ Yoast SEO plugin. -->","yoast_head_json":{"title":"Webcams - Hotel Beau-Rivage \u00e0 Zermatt","description":"Gr\u00e2ce \u00e0 nos webcams, vous pouvez toujours voir le temps qu'il fait \u00e0 Zermatt.","robots":{"index":"index","follow":"follow","max-snippet":"max-snippet:-1","max-image-preview":"max-image-preview:large","max-video-preview":"max-video-preview:-1"},"canonical":"https:\/\/www.beau-rivage-zermatt.ch\/fr\/webcams\/","og_locale":"fr_FR","og_type":"article","og_title":"Webcams - Hotel Beau-Rivage \u00e0 Zermatt","og_description":"Gr\u00e2ce \u00e0 nos webcams, vous pouvez toujours voir le temps qu'il fait \u00e0 Zermatt.","og_url":"https:\/\/www.beau-rivage-zermatt.ch\/fr\/webcams\/","og_site_name":"Hotel Beau Rivage Zermatt","article_modified_time":"2019-10-17T02:58:08+00:00","twitter_card":"summary_large_image","schema":{"@context":"https:\/\/schema.org","@graph":[{"@type":"WebPage","@id":"https:\/\/www.beau-rivage-zermatt.ch\/fr\/webcams\/","url":"https:\/\/www.beau-rivage-zermatt.ch\/fr\/webcams\/","name":"Webcams - Hotel Beau-Rivage \u00e0 Zermatt","isPartOf":{"@id":"https:\/\/www.beau-rivage-zermatt.ch\/#website"},"datePublished":"2019-10-16T17:56:31+00:00","dateModified":"2019-10-17T02:58:08+00:00","description":"Gr\u00e2ce \u00e0 nos webcams, vous pouvez toujours voir le temps qu'il fait \u00e0 Zermatt.","breadcrumb":{"@id":"https:\/\/www.beau-rivage-zermatt.ch\/fr\/webcams\/#breadcrumb"},"inLanguage":"fr-FR","potentialAction":[{"@type":"ReadAction","target":["https:\/\/www.beau-rivage-zermatt.ch\/fr\/webcams\/"]}]},{"@type":"BreadcrumbList","@id":"https:\/\/www.beau-rivage-zermatt.ch\/fr\/webcams\/#breadcrumb","itemListElement":[{"@type":"ListItem","position":1,"name":"Startseite","item":"https:\/\/www.beau-rivage-zermatt.ch\/fr\/"},{"@type":"ListItem","position":2,"name":"Webcams"}]},{"@type":"WebSite","@id":"https:\/\/www.beau-rivage-zermatt.ch\/#website","url":"https:\/\/www.beau-rivage-zermatt.ch\/","name":"Hotel Beau Rivage Zermatt","description":"Hotel Beau Rivage Zermatt","potentialAction":[{"@type":"SearchAction","target":{"@type":"EntryPoint","urlTemplate":"https:\/\/www.beau-rivage-zermatt.ch\/?s={search_term_string}"},"query-input":{"@type":"PropertyValueSpecification","valueRequired":true,"valueName":"search_term_string"}}],"inLanguage":"fr-FR"}]}},"meta_box":{"kontakt":"","webcam1":"Place de la gare Zermatt","webcam2":"Kirchbr\u00fccke","webcam3":"Eglise Zermatt","webcam4":"Riffelberg (2'582 m)","webcam5":"Gornergrat (3'089 m)","webcam6":"Pont suspendu de Charles Kuonen","bildergalerie":[],"bilderslider":[],"seite1":"","seite2":"","seite3":"","linkportrait":"","medallie":[],"portrait":"","linkjulensport":"","logojulensport":[],"textjulensport":"","seite4":"","seite5":""},"_links":{"self":[{"href":"https:\/\/www.beau-rivage-zermatt.ch\/fr\/wp-json\/wp\/v2\/pages\/320","targetHints":{"allow":["GET"]}}],"collection":[{"href":"https:\/\/www.beau-rivage-zermatt.ch\/fr\/wp-json\/wp\/v2\/pages"}],"about":[{"href":"https:\/\/www.beau-rivage-zermatt.ch\/fr\/wp-json\/wp\/v2\/types\/page"}],"author":[{"embeddable":true,"href":"https:\/\/www.beau-rivage-zermatt.ch\/fr\/wp-json\/wp\/v2\/users\/1"}],"replies":[{"embeddable":true,"href":"https:\/\/www.beau-rivage-zermatt.ch\/fr\/wp-json\/wp\/v2\/comments?post=320"}],"version-history":[{"count":0,"href":"https:\/\/www.beau-rivage-zermatt.ch\/fr\/wp-json\/wp\/v2\/pages\/320\/revisions"}],"wp:attachment":[{"href":"https:\/\/www.beau-rivage-zermatt.ch\/fr\/wp-json\/wp\/v2\/media?parent=320"}],"curies":[{"name":"wp","href":"https:\/\/api.w.org\/{rel}","templated":true}]}}