{"id":281,"date":"2019-10-16T17:01:13","date_gmt":"2019-10-16T17:01:13","guid":{"rendered":"http:\/\/beauriva.cyon.link\/webpage\/?page_id=281"},"modified":"2019-10-24T06:48:54","modified_gmt":"2019-10-24T06:48:54","slug":"portrait","status":"publish","type":"page","link":"https:\/\/www.beau-rivage-zermatt.ch\/fr\/portrait\/","title":{"rendered":"Portrait"},"content":{"rendered":"<h1>Portrait<\/h1>\n<p><strong>Nom:<\/strong> Max Julen<br \/>\n<strong>Date de naissance:<\/strong> 15 mars 1961<br \/>\n<strong>Lieu de naissance:<\/strong> Zermatt (Valais, Suisse)<br \/>\n<strong>Situation familiale:<\/strong> mari\u00e9e depuis le 16 septembre 1989 \u00e0 Karin Inniger. P\u00e8re de trois enfants: Laura 1991, Jonas 1996, Marc 1999<\/p>\n<p><strong>R<\/strong><span class=\"tlid-translation translation\" lang=\"de\"><span class=\"\" title=\"\"><span class=\"tlid-translation translation\" lang=\"fr\"><strong><span title=\"\">\u00e9sultats<\/span><\/strong><br \/>\n<span title=\"\">&#8211; M\u00e9daille d&rsquo;or aux Jeux Olympiques de Sarajevo 1984<\/span><br \/>\n<span title=\"\">&#8211; 2e place en Coupe du monde &#8211; Saison globale de slalom g\u00e9ant 1982\/83<\/span><br \/>\n<\/span><\/span><\/span><\/p>\n<p><span class=\"tlid-translation translation\" lang=\"de\"><span class=\"\" title=\"\"><span class=\"tlid-translation translation\" lang=\"fr\"><strong><span title=\"\">Printemps 1987<\/span><\/strong><br \/>\n<span title=\"\">&#8211; Max a pris sa retraite en 1987 de la course de coupe du monde<\/span><br \/>\n<span title=\"\">&#8211; US Pro Tour: hiver 1988\/89 et 1989\/90<\/span><br \/>\n<span title=\"\">&#8211; Max travaille depuis 1990 \u00e0 l&rsquo;h\u00f4tel de ses parents Beau-Rivage \u00e0 Zermatt. Il a repris ses fonctions en 1996 et le g\u00e8re maintenant avec son \u00e9pouse Karin.<\/span><br \/>\n<span title=\"\">&#8211; Max est un golfeur passionn\u00e9 depuis 1987 et a r\u00e9ussi \u00e0 handicaper jusqu&rsquo;\u00e0 pr\u00e9sent 1,8<\/span><\/span><\/span><\/span><\/p>\n<p>&nbsp;<\/p>\n<p><em><a href=\"http:\/\/de.wikipedia.org\/wiki\/Max_Julen\">http:\/\/de.wikipedia.org\/wiki\/Max_Julen<\/a><\/em><\/p>\n","protected":false},"excerpt":{"rendered":"<p>Portrait Nom: Max Julen Date de naissance: 15 mars 1961 Lieu de naissance: Zermatt (Valais, Suisse) Situation familiale: mari\u00e9e depuis &#8230;<\/p>\n","protected":false},"author":1,"featured_media":0,"parent":0,"menu_order":0,"comment_status":"closed","ping_status":"closed","template":"portrait-template.php","meta":{"_acf_changed":false,"footnotes":""},"class_list":["post-281","page","type-page","status-publish","hentry"],"acf":[],"yoast_head":"<!-- This site is optimized with the Yoast SEO plugin v27.3 - https:\/\/yoast.com\/product\/yoast-seo-wordpress\/ -->\n<title>Portrait Max Julen - Hotel Beau-Rivage \u00e0 Zermatt<\/title>\n<meta name=\"description\" content=\"Max Julen est un ancien coureur de ski. Depuis le 16 septembre 1989, mari\u00e9 \u00e0 Karin Inniger. P\u00e8re de trois enfants.\" \/>\n<meta name=\"robots\" content=\"index, follow, max-snippet:-1, max-image-preview:large, max-video-preview:-1\" \/>\n<link rel=\"canonical\" href=\"https:\/\/www.beau-rivage-zermatt.ch\/fr\/portrait\/\" \/>\n<meta property=\"og:locale\" content=\"fr_FR\" \/>\n<meta property=\"og:type\" content=\"article\" \/>\n<meta property=\"og:title\" content=\"Portrait Max Julen - Hotel Beau-Rivage \u00e0 Zermatt\" \/>\n<meta property=\"og:description\" content=\"Max Julen est un ancien coureur de ski. Depuis le 16 septembre 1989, mari\u00e9 \u00e0 Karin Inniger. P\u00e8re de trois enfants.\" \/>\n<meta property=\"og:url\" content=\"https:\/\/www.beau-rivage-zermatt.ch\/fr\/portrait\/\" \/>\n<meta property=\"og:site_name\" content=\"Hotel Beau Rivage Zermatt\" \/>\n<meta property=\"article:modified_time\" content=\"2019-10-24T06:48:54+00:00\" \/>\n<meta name=\"twitter:card\" content=\"summary_large_image\" \/>\n<meta name=\"twitter:label1\" content=\"Dur\u00e9e de lecture estim\u00e9e\" \/>\n\t<meta name=\"twitter:data1\" content=\"1 minute\" \/>\n<script type=\"application\/ld+json\" class=\"yoast-schema-graph\">{\"@context\":\"https:\\\/\\\/schema.org\",\"@graph\":[{\"@type\":\"WebPage\",\"@id\":\"https:\\\/\\\/www.beau-rivage-zermatt.ch\\\/fr\\\/portrait\\\/\",\"url\":\"https:\\\/\\\/www.beau-rivage-zermatt.ch\\\/fr\\\/portrait\\\/\",\"name\":\"Portrait Max Julen - Hotel Beau-Rivage \u00e0 Zermatt\",\"isPartOf\":{\"@id\":\"https:\\\/\\\/www.beau-rivage-zermatt.ch\\\/#website\"},\"datePublished\":\"2019-10-16T17:01:13+00:00\",\"dateModified\":\"2019-10-24T06:48:54+00:00\",\"description\":\"Max Julen est un ancien coureur de ski. Depuis le 16 septembre 1989, mari\u00e9 \u00e0 Karin Inniger. P\u00e8re de trois enfants.\",\"breadcrumb\":{\"@id\":\"https:\\\/\\\/www.beau-rivage-zermatt.ch\\\/fr\\\/portrait\\\/#breadcrumb\"},\"inLanguage\":\"fr-FR\",\"potentialAction\":[{\"@type\":\"ReadAction\",\"target\":[\"https:\\\/\\\/www.beau-rivage-zermatt.ch\\\/fr\\\/portrait\\\/\"]}]},{\"@type\":\"BreadcrumbList\",\"@id\":\"https:\\\/\\\/www.beau-rivage-zermatt.ch\\\/fr\\\/portrait\\\/#breadcrumb\",\"itemListElement\":[{\"@type\":\"ListItem\",\"position\":1,\"name\":\"Startseite\",\"item\":\"https:\\\/\\\/www.beau-rivage-zermatt.ch\\\/fr\\\/\"},{\"@type\":\"ListItem\",\"position\":2,\"name\":\"Portrait\"}]},{\"@type\":\"WebSite\",\"@id\":\"https:\\\/\\\/www.beau-rivage-zermatt.ch\\\/#website\",\"url\":\"https:\\\/\\\/www.beau-rivage-zermatt.ch\\\/\",\"name\":\"Hotel Beau Rivage Zermatt\",\"description\":\"Hotel Beau Rivage Zermatt\",\"potentialAction\":[{\"@type\":\"SearchAction\",\"target\":{\"@type\":\"EntryPoint\",\"urlTemplate\":\"https:\\\/\\\/www.beau-rivage-zermatt.ch\\\/?s={search_term_string}\"},\"query-input\":{\"@type\":\"PropertyValueSpecification\",\"valueRequired\":true,\"valueName\":\"search_term_string\"}}],\"inLanguage\":\"fr-FR\"}]}<\/script>\n<!-- \/ Yoast SEO plugin. -->","yoast_head_json":{"title":"Portrait Max Julen - Hotel Beau-Rivage \u00e0 Zermatt","description":"Max Julen est un ancien coureur de ski. Depuis le 16 septembre 1989, mari\u00e9 \u00e0 Karin Inniger. P\u00e8re de trois enfants.","robots":{"index":"index","follow":"follow","max-snippet":"max-snippet:-1","max-image-preview":"max-image-preview:large","max-video-preview":"max-video-preview:-1"},"canonical":"https:\/\/www.beau-rivage-zermatt.ch\/fr\/portrait\/","og_locale":"fr_FR","og_type":"article","og_title":"Portrait Max Julen - Hotel Beau-Rivage \u00e0 Zermatt","og_description":"Max Julen est un ancien coureur de ski. Depuis le 16 septembre 1989, mari\u00e9 \u00e0 Karin Inniger. P\u00e8re de trois enfants.","og_url":"https:\/\/www.beau-rivage-zermatt.ch\/fr\/portrait\/","og_site_name":"Hotel Beau Rivage Zermatt","article_modified_time":"2019-10-24T06:48:54+00:00","twitter_card":"summary_large_image","twitter_misc":{"Dur\u00e9e de lecture estim\u00e9e":"1 minute"},"schema":{"@context":"https:\/\/schema.org","@graph":[{"@type":"WebPage","@id":"https:\/\/www.beau-rivage-zermatt.ch\/fr\/portrait\/","url":"https:\/\/www.beau-rivage-zermatt.ch\/fr\/portrait\/","name":"Portrait Max Julen - Hotel Beau-Rivage \u00e0 Zermatt","isPartOf":{"@id":"https:\/\/www.beau-rivage-zermatt.ch\/#website"},"datePublished":"2019-10-16T17:01:13+00:00","dateModified":"2019-10-24T06:48:54+00:00","description":"Max Julen est un ancien coureur de ski. Depuis le 16 septembre 1989, mari\u00e9 \u00e0 Karin Inniger. P\u00e8re de trois enfants.","breadcrumb":{"@id":"https:\/\/www.beau-rivage-zermatt.ch\/fr\/portrait\/#breadcrumb"},"inLanguage":"fr-FR","potentialAction":[{"@type":"ReadAction","target":["https:\/\/www.beau-rivage-zermatt.ch\/fr\/portrait\/"]}]},{"@type":"BreadcrumbList","@id":"https:\/\/www.beau-rivage-zermatt.ch\/fr\/portrait\/#breadcrumb","itemListElement":[{"@type":"ListItem","position":1,"name":"Startseite","item":"https:\/\/www.beau-rivage-zermatt.ch\/fr\/"},{"@type":"ListItem","position":2,"name":"Portrait"}]},{"@type":"WebSite","@id":"https:\/\/www.beau-rivage-zermatt.ch\/#website","url":"https:\/\/www.beau-rivage-zermatt.ch\/","name":"Hotel Beau Rivage Zermatt","description":"Hotel Beau Rivage Zermatt","potentialAction":[{"@type":"SearchAction","target":{"@type":"EntryPoint","urlTemplate":"https:\/\/www.beau-rivage-zermatt.ch\/?s={search_term_string}"},"query-input":{"@type":"PropertyValueSpecification","valueRequired":true,"valueName":"search_term_string"}}],"inLanguage":"fr-FR"}]}},"meta_box":{"kontakt":"","webcam1":"","webcam2":"","webcam3":"","webcam4":"","webcam5":"","webcam6":"","bildergalerie":[],"bilderslider":[{"width":150,"height":150,"file":"2019\/10\/Hotel-Beau-Rivage-Zermatt-Max-Julen.jpg","sizes":{"thumbnail":{"file":"Hotel-Beau-Rivage-Zermatt-Max-Julen-150x150.jpg","width":150,"height":150,"mime-type":"image\/jpeg","url":"https:\/\/www.beau-rivage-zermatt.ch\/wp-content\/uploads\/2019\/10\/Hotel-Beau-Rivage-Zermatt-Max-Julen-150x150.jpg"},"medium":{"file":"Hotel-Beau-Rivage-Zermatt-Max-Julen-300x195.jpg","width":300,"height":195,"mime-type":"image\/jpeg","url":"https:\/\/www.beau-rivage-zermatt.ch\/wp-content\/uploads\/2019\/10\/Hotel-Beau-Rivage-Zermatt-Max-Julen-300x195.jpg"},"medium_large":{"file":"Hotel-Beau-Rivage-Zermatt-Max-Julen-768x499.jpg","width":768,"height":499,"mime-type":"image\/jpeg","url":"https:\/\/www.beau-rivage-zermatt.ch\/wp-content\/uploads\/2019\/10\/Hotel-Beau-Rivage-Zermatt-Max-Julen-768x499.jpg"},"lazy-thumb":{"file":"Hotel-Beau-Rivage-Zermatt-Max-Julen-20x13.jpg","width":20,"height":13,"mime-type":"image\/jpeg","url":"https:\/\/www.beau-rivage-zermatt.ch\/wp-content\/uploads\/2019\/10\/Hotel-Beau-Rivage-Zermatt-Max-Julen-20x13.jpg"},"small_mobile":{"file":"Hotel-Beau-Rivage-Zermatt-Max-Julen-300x195.jpg","width":300,"height":195,"mime-type":"image\/jpeg","url":"https:\/\/www.beau-rivage-zermatt.ch\/wp-content\/uploads\/2019\/10\/Hotel-Beau-Rivage-Zermatt-Max-Julen-300x195.jpg"},"mobile":{"file":"Hotel-Beau-Rivage-Zermatt-Max-Julen-500x325.jpg","width":500,"height":325,"mime-type":"image\/jpeg","url":"https:\/\/www.beau-rivage-zermatt.ch\/wp-content\/uploads\/2019\/10\/Hotel-Beau-Rivage-Zermatt-Max-Julen-500x325.jpg"},"tablet":{"file":"Hotel-Beau-Rivage-Zermatt-Max-Julen-768x499.jpg","width":768,"height":499,"mime-type":"image\/jpeg","url":"https:\/\/www.beau-rivage-zermatt.ch\/wp-content\/uploads\/2019\/10\/Hotel-Beau-Rivage-Zermatt-Max-Julen-768x499.jpg"},"small_mobile_old_500x325":{"file":"Hotel-Beau-Rivage-Zermatt-Max-Julen-500x325.jpg","width":500,"height":325,"mime-type":"image\/jpeg","url":"https:\/\/www.beau-rivage-zermatt.ch\/wp-content\/uploads\/2019\/10\/Hotel-Beau-Rivage-Zermatt-Max-Julen-500x325.jpg"},"mobile_old_700x454":{"file":"Hotel-Beau-Rivage-Zermatt-Max-Julen-700x454.jpg","width":700,"height":454,"mime-type":"image\/jpeg","url":"https:\/\/www.beau-rivage-zermatt.ch\/wp-content\/uploads\/2019\/10\/Hotel-Beau-Rivage-Zermatt-Max-Julen-700x454.jpg"}},"image_meta":{"aperture":"0","credit":"","camera":"","caption":"","created_timestamp":"0","copyright":"","focal_length":"0","iso":"0","shutter_speed":"0","title":"","orientation":"1","keywords":[]},"ID":"687","name":"Hotel-Beau-Rivage-Zermatt-Max-Julen.jpg","path":"\/var\/www\/vhosts\/beau-rivage-zermatt.ch\/httpdocs\/wp-content\/uploads\/2019\/10\/Hotel-Beau-Rivage-Zermatt-Max-Julen.jpg","url":"https:\/\/www.beau-rivage-zermatt.ch\/wp-content\/uploads\/2019\/10\/Hotel-Beau-Rivage-Zermatt-Max-Julen-150x150.jpg","full_url":"https:\/\/www.beau-rivage-zermatt.ch\/wp-content\/uploads\/2019\/10\/Hotel-Beau-Rivage-Zermatt-Max-Julen.jpg","title":"Hotel-Beau-Rivage-Zermatt-Max-Julen","caption":"","description":"","alt":"Hotel Beau Rivage Zermatt Max Julen","srcset":false},{"width":150,"height":150,"file":"2019\/10\/Hotel-Beau-Rivage-Zermatt-Max-Julen-Riesenslalom2.jpg","sizes":{"thumbnail":{"file":"Hotel-Beau-Rivage-Zermatt-Max-Julen-Riesenslalom2-150x150.jpg","width":150,"height":150,"mime-type":"image\/jpeg","url":"https:\/\/www.beau-rivage-zermatt.ch\/wp-content\/uploads\/2019\/10\/Hotel-Beau-Rivage-Zermatt-Max-Julen-Riesenslalom2-150x150.jpg"},"medium":{"file":"Hotel-Beau-Rivage-Zermatt-Max-Julen-Riesenslalom2-300x201.jpg","width":300,"height":201,"mime-type":"image\/jpeg","url":"https:\/\/www.beau-rivage-zermatt.ch\/wp-content\/uploads\/2019\/10\/Hotel-Beau-Rivage-Zermatt-Max-Julen-Riesenslalom2-300x201.jpg"},"medium_large":{"file":"Hotel-Beau-Rivage-Zermatt-Max-Julen-Riesenslalom2-768x515.jpg","width":768,"height":515,"mime-type":"image\/jpeg","url":"https:\/\/www.beau-rivage-zermatt.ch\/wp-content\/uploads\/2019\/10\/Hotel-Beau-Rivage-Zermatt-Max-Julen-Riesenslalom2-768x515.jpg"},"lazy-thumb":{"file":"Hotel-Beau-Rivage-Zermatt-Max-Julen-Riesenslalom2-20x13.jpg","width":20,"height":13,"mime-type":"image\/jpeg","url":"https:\/\/www.beau-rivage-zermatt.ch\/wp-content\/uploads\/2019\/10\/Hotel-Beau-Rivage-Zermatt-Max-Julen-Riesenslalom2-20x13.jpg"},"small_mobile":{"file":"Hotel-Beau-Rivage-Zermatt-Max-Julen-Riesenslalom2-300x201.jpg","width":300,"height":201,"mime-type":"image\/jpeg","url":"https:\/\/www.beau-rivage-zermatt.ch\/wp-content\/uploads\/2019\/10\/Hotel-Beau-Rivage-Zermatt-Max-Julen-Riesenslalom2-300x201.jpg"},"mobile":{"file":"Hotel-Beau-Rivage-Zermatt-Max-Julen-Riesenslalom2-500x335.jpg","width":500,"height":335,"mime-type":"image\/jpeg","url":"https:\/\/www.beau-rivage-zermatt.ch\/wp-content\/uploads\/2019\/10\/Hotel-Beau-Rivage-Zermatt-Max-Julen-Riesenslalom2-500x335.jpg"},"tablet":{"file":"Hotel-Beau-Rivage-Zermatt-Max-Julen-Riesenslalom2-768x515.jpg","width":768,"height":515,"mime-type":"image\/jpeg","url":"https:\/\/www.beau-rivage-zermatt.ch\/wp-content\/uploads\/2019\/10\/Hotel-Beau-Rivage-Zermatt-Max-Julen-Riesenslalom2-768x515.jpg"},"small_mobile_old_500x335":{"file":"Hotel-Beau-Rivage-Zermatt-Max-Julen-Riesenslalom2-500x335.jpg","width":500,"height":335,"mime-type":"image\/jpeg","url":"https:\/\/www.beau-rivage-zermatt.ch\/wp-content\/uploads\/2019\/10\/Hotel-Beau-Rivage-Zermatt-Max-Julen-Riesenslalom2-500x335.jpg"},"mobile_old_700x469":{"file":"Hotel-Beau-Rivage-Zermatt-Max-Julen-Riesenslalom2-700x469.jpg","width":700,"height":469,"mime-type":"image\/jpeg","url":"https:\/\/www.beau-rivage-zermatt.ch\/wp-content\/uploads\/2019\/10\/Hotel-Beau-Rivage-Zermatt-Max-Julen-Riesenslalom2-700x469.jpg"}},"image_meta":{"aperture":"0","credit":"","camera":"","caption":"","created_timestamp":"0","copyright":"","focal_length":"0","iso":"0","shutter_speed":"0","title":"","orientation":"1","keywords":[]},"ID":"684","name":"Hotel-Beau-Rivage-Zermatt-Max-Julen-Riesenslalom2.jpg","path":"\/var\/www\/vhosts\/beau-rivage-zermatt.ch\/httpdocs\/wp-content\/uploads\/2019\/10\/Hotel-Beau-Rivage-Zermatt-Max-Julen-Riesenslalom2.jpg","url":"https:\/\/www.beau-rivage-zermatt.ch\/wp-content\/uploads\/2019\/10\/Hotel-Beau-Rivage-Zermatt-Max-Julen-Riesenslalom2-150x150.jpg","full_url":"https:\/\/www.beau-rivage-zermatt.ch\/wp-content\/uploads\/2019\/10\/Hotel-Beau-Rivage-Zermatt-Max-Julen-Riesenslalom2.jpg","title":"Hotel-Beau-Rivage-Zermatt-Max-Julen-Riesenslalom2","caption":"","description":"","alt":"Hotel Beau Rivage Zermatt Max Julen Riesenslalom","srcset":false},{"width":150,"height":150,"file":"2019\/10\/Hotel-Beau-Rivage-Zermatt-Max-Julen-Riesenslalom.jpg","sizes":{"thumbnail":{"file":"Hotel-Beau-Rivage-Zermatt-Max-Julen-Riesenslalom-150x150.jpg","width":150,"height":150,"mime-type":"image\/jpeg","url":"https:\/\/www.beau-rivage-zermatt.ch\/wp-content\/uploads\/2019\/10\/Hotel-Beau-Rivage-Zermatt-Max-Julen-Riesenslalom-150x150.jpg"},"medium":{"file":"Hotel-Beau-Rivage-Zermatt-Max-Julen-Riesenslalom-300x198.jpg","width":300,"height":198,"mime-type":"image\/jpeg","url":"https:\/\/www.beau-rivage-zermatt.ch\/wp-content\/uploads\/2019\/10\/Hotel-Beau-Rivage-Zermatt-Max-Julen-Riesenslalom-300x198.jpg"},"medium_large":{"file":"Hotel-Beau-Rivage-Zermatt-Max-Julen-Riesenslalom-768x507.jpg","width":768,"height":507,"mime-type":"image\/jpeg","url":"https:\/\/www.beau-rivage-zermatt.ch\/wp-content\/uploads\/2019\/10\/Hotel-Beau-Rivage-Zermatt-Max-Julen-Riesenslalom-768x507.jpg"},"lazy-thumb":{"file":"Hotel-Beau-Rivage-Zermatt-Max-Julen-Riesenslalom-20x13.jpg","width":20,"height":13,"mime-type":"image\/jpeg","url":"https:\/\/www.beau-rivage-zermatt.ch\/wp-content\/uploads\/2019\/10\/Hotel-Beau-Rivage-Zermatt-Max-Julen-Riesenslalom-20x13.jpg"},"small_mobile":{"file":"Hotel-Beau-Rivage-Zermatt-Max-Julen-Riesenslalom-300x198.jpg","width":300,"height":198,"mime-type":"image\/jpeg","url":"https:\/\/www.beau-rivage-zermatt.ch\/wp-content\/uploads\/2019\/10\/Hotel-Beau-Rivage-Zermatt-Max-Julen-Riesenslalom-300x198.jpg"},"mobile":{"file":"Hotel-Beau-Rivage-Zermatt-Max-Julen-Riesenslalom-500x330.jpg","width":500,"height":330,"mime-type":"image\/jpeg","url":"https:\/\/www.beau-rivage-zermatt.ch\/wp-content\/uploads\/2019\/10\/Hotel-Beau-Rivage-Zermatt-Max-Julen-Riesenslalom-500x330.jpg"},"tablet":{"file":"Hotel-Beau-Rivage-Zermatt-Max-Julen-Riesenslalom-768x507.jpg","width":768,"height":507,"mime-type":"image\/jpeg","url":"https:\/\/www.beau-rivage-zermatt.ch\/wp-content\/uploads\/2019\/10\/Hotel-Beau-Rivage-Zermatt-Max-Julen-Riesenslalom-768x507.jpg"},"small_mobile_old_500x330":{"file":"Hotel-Beau-Rivage-Zermatt-Max-Julen-Riesenslalom-500x330.jpg","width":500,"height":330,"mime-type":"image\/jpeg","url":"https:\/\/www.beau-rivage-zermatt.ch\/wp-content\/uploads\/2019\/10\/Hotel-Beau-Rivage-Zermatt-Max-Julen-Riesenslalom-500x330.jpg"},"mobile_old_700x462":{"file":"Hotel-Beau-Rivage-Zermatt-Max-Julen-Riesenslalom-700x462.jpg","width":700,"height":462,"mime-type":"image\/jpeg","url":"https:\/\/www.beau-rivage-zermatt.ch\/wp-content\/uploads\/2019\/10\/Hotel-Beau-Rivage-Zermatt-Max-Julen-Riesenslalom-700x462.jpg"}},"image_meta":{"aperture":"0","credit":"","camera":"","caption":"","created_timestamp":"0","copyright":"","focal_length":"0","iso":"0","shutter_speed":"0","title":"","orientation":"1","keywords":[]},"ID":"681","name":"Hotel-Beau-Rivage-Zermatt-Max-Julen-Riesenslalom.jpg","path":"\/var\/www\/vhosts\/beau-rivage-zermatt.ch\/httpdocs\/wp-content\/uploads\/2019\/10\/Hotel-Beau-Rivage-Zermatt-Max-Julen-Riesenslalom.jpg","url":"https:\/\/www.beau-rivage-zermatt.ch\/wp-content\/uploads\/2019\/10\/Hotel-Beau-Rivage-Zermatt-Max-Julen-Riesenslalom-150x150.jpg","full_url":"https:\/\/www.beau-rivage-zermatt.ch\/wp-content\/uploads\/2019\/10\/Hotel-Beau-Rivage-Zermatt-Max-Julen-Riesenslalom.jpg","title":"Hotel-Beau-Rivage-Zermatt-Max-Julen-Riesenslalom","caption":"","description":"","alt":"Hotel Beau Rivage Zermatt Max Julen Riesenslalom","srcset":false},{"width":150,"height":150,"file":"2019\/10\/Hotel-Beau-Rivage-Zermatt-Max-Julen-Riesenslalom-Olympische-Spiele-1984.jpg","sizes":{"thumbnail":{"file":"Hotel-Beau-Rivage-Zermatt-Max-Julen-Riesenslalom-Olympische-Spiele-1984-150x150.jpg","width":150,"height":150,"mime-type":"image\/jpeg","url":"https:\/\/www.beau-rivage-zermatt.ch\/wp-content\/uploads\/2019\/10\/Hotel-Beau-Rivage-Zermatt-Max-Julen-Riesenslalom-Olympische-Spiele-1984-150x150.jpg"},"medium":{"file":"Hotel-Beau-Rivage-Zermatt-Max-Julen-Riesenslalom-Olympische-Spiele-1984-300x199.jpg","width":300,"height":199,"mime-type":"image\/jpeg","url":"https:\/\/www.beau-rivage-zermatt.ch\/wp-content\/uploads\/2019\/10\/Hotel-Beau-Rivage-Zermatt-Max-Julen-Riesenslalom-Olympische-Spiele-1984-300x199.jpg"},"medium_large":{"file":"Hotel-Beau-Rivage-Zermatt-Max-Julen-Riesenslalom-Olympische-Spiele-1984-768x508.jpg","width":768,"height":508,"mime-type":"image\/jpeg","url":"https:\/\/www.beau-rivage-zermatt.ch\/wp-content\/uploads\/2019\/10\/Hotel-Beau-Rivage-Zermatt-Max-Julen-Riesenslalom-Olympische-Spiele-1984-768x508.jpg"},"large":{"file":"Hotel-Beau-Rivage-Zermatt-Max-Julen-Riesenslalom-Olympische-Spiele-1984-1024x678.jpg","width":1024,"height":678,"mime-type":"image\/jpeg","url":"https:\/\/www.beau-rivage-zermatt.ch\/wp-content\/uploads\/2019\/10\/Hotel-Beau-Rivage-Zermatt-Max-Julen-Riesenslalom-Olympische-Spiele-1984-1024x678.jpg"},"lazy-thumb":{"file":"Hotel-Beau-Rivage-Zermatt-Max-Julen-Riesenslalom-Olympische-Spiele-1984-20x13.jpg","width":20,"height":13,"mime-type":"image\/jpeg","url":"https:\/\/www.beau-rivage-zermatt.ch\/wp-content\/uploads\/2019\/10\/Hotel-Beau-Rivage-Zermatt-Max-Julen-Riesenslalom-Olympische-Spiele-1984-20x13.jpg"},"small_mobile":{"file":"Hotel-Beau-Rivage-Zermatt-Max-Julen-Riesenslalom-Olympische-Spiele-1984-300x199.jpg","width":300,"height":199,"mime-type":"image\/jpeg","url":"https:\/\/www.beau-rivage-zermatt.ch\/wp-content\/uploads\/2019\/10\/Hotel-Beau-Rivage-Zermatt-Max-Julen-Riesenslalom-Olympische-Spiele-1984-300x199.jpg"},"mobile":{"file":"Hotel-Beau-Rivage-Zermatt-Max-Julen-Riesenslalom-Olympische-Spiele-1984-500x331.jpg","width":500,"height":331,"mime-type":"image\/jpeg","url":"https:\/\/www.beau-rivage-zermatt.ch\/wp-content\/uploads\/2019\/10\/Hotel-Beau-Rivage-Zermatt-Max-Julen-Riesenslalom-Olympische-Spiele-1984-500x331.jpg"},"tablet":{"file":"Hotel-Beau-Rivage-Zermatt-Max-Julen-Riesenslalom-Olympische-Spiele-1984-768x508.jpg","width":768,"height":508,"mime-type":"image\/jpeg","url":"https:\/\/www.beau-rivage-zermatt.ch\/wp-content\/uploads\/2019\/10\/Hotel-Beau-Rivage-Zermatt-Max-Julen-Riesenslalom-Olympische-Spiele-1984-768x508.jpg"},"tablet_992":{"file":"Hotel-Beau-Rivage-Zermatt-Max-Julen-Riesenslalom-Olympische-Spiele-1984-992x656.jpg","width":992,"height":656,"mime-type":"image\/jpeg","url":"https:\/\/www.beau-rivage-zermatt.ch\/wp-content\/uploads\/2019\/10\/Hotel-Beau-Rivage-Zermatt-Max-Julen-Riesenslalom-Olympische-Spiele-1984-992x656.jpg"},"small_mobile_old_500x331":{"file":"Hotel-Beau-Rivage-Zermatt-Max-Julen-Riesenslalom-Olympische-Spiele-1984-500x331.jpg","width":500,"height":331,"mime-type":"image\/jpeg","url":"https:\/\/www.beau-rivage-zermatt.ch\/wp-content\/uploads\/2019\/10\/Hotel-Beau-Rivage-Zermatt-Max-Julen-Riesenslalom-Olympische-Spiele-1984-500x331.jpg"},"mobile_old_700x463":{"file":"Hotel-Beau-Rivage-Zermatt-Max-Julen-Riesenslalom-Olympische-Spiele-1984-700x463.jpg","width":700,"height":463,"mime-type":"image\/jpeg","url":"https:\/\/www.beau-rivage-zermatt.ch\/wp-content\/uploads\/2019\/10\/Hotel-Beau-Rivage-Zermatt-Max-Julen-Riesenslalom-Olympische-Spiele-1984-700x463.jpg"}},"image_meta":{"aperture":"0","credit":"","camera":"","caption":"","created_timestamp":"0","copyright":"","focal_length":"0","iso":"0","shutter_speed":"0","title":"","orientation":"1","keywords":[]},"ID":"678","name":"Hotel-Beau-Rivage-Zermatt-Max-Julen-Riesenslalom-Olympische-Spiele-1984.jpg","path":"\/var\/www\/vhosts\/beau-rivage-zermatt.ch\/httpdocs\/wp-content\/uploads\/2019\/10\/Hotel-Beau-Rivage-Zermatt-Max-Julen-Riesenslalom-Olympische-Spiele-1984.jpg","url":"https:\/\/www.beau-rivage-zermatt.ch\/wp-content\/uploads\/2019\/10\/Hotel-Beau-Rivage-Zermatt-Max-Julen-Riesenslalom-Olympische-Spiele-1984-150x150.jpg","full_url":"https:\/\/www.beau-rivage-zermatt.ch\/wp-content\/uploads\/2019\/10\/Hotel-Beau-Rivage-Zermatt-Max-Julen-Riesenslalom-Olympische-Spiele-1984.jpg","title":"Hotel-Beau-Rivage-Zermatt-Max-Julen-Riesenslalom-Olympische-Spiele-1984","caption":"","description":"","alt":"Hotel Beau Rivage Zermatt Max Julen Riesenslalom Olympische Spiele 1984","srcset":false}],"seite1":"","seite2":"","seite3":"","linkportrait":"","medallie":[],"portrait":"","linkjulensport":"","logojulensport":[],"textjulensport":"","seite4":"","seite5":""},"_links":{"self":[{"href":"https:\/\/www.beau-rivage-zermatt.ch\/fr\/wp-json\/wp\/v2\/pages\/281","targetHints":{"allow":["GET"]}}],"collection":[{"href":"https:\/\/www.beau-rivage-zermatt.ch\/fr\/wp-json\/wp\/v2\/pages"}],"about":[{"href":"https:\/\/www.beau-rivage-zermatt.ch\/fr\/wp-json\/wp\/v2\/types\/page"}],"author":[{"embeddable":true,"href":"https:\/\/www.beau-rivage-zermatt.ch\/fr\/wp-json\/wp\/v2\/users\/1"}],"replies":[{"embeddable":true,"href":"https:\/\/www.beau-rivage-zermatt.ch\/fr\/wp-json\/wp\/v2\/comments?post=281"}],"version-history":[{"count":1,"href":"https:\/\/www.beau-rivage-zermatt.ch\/fr\/wp-json\/wp\/v2\/pages\/281\/revisions"}],"predecessor-version":[{"id":788,"href":"https:\/\/www.beau-rivage-zermatt.ch\/fr\/wp-json\/wp\/v2\/pages\/281\/revisions\/788"}],"wp:attachment":[{"href":"https:\/\/www.beau-rivage-zermatt.ch\/fr\/wp-json\/wp\/v2\/media?parent=281"}],"curies":[{"name":"wp","href":"https:\/\/api.w.org\/{rel}","templated":true}]}}