{"id":247,"date":"2019-10-16T15:37:36","date_gmt":"2019-10-16T15:37:36","guid":{"rendered":"http:\/\/beauriva.cyon.link\/webpage\/?page_id=247"},"modified":"2019-10-24T11:12:35","modified_gmt":"2019-10-24T11:12:35","slug":"empreinte","status":"publish","type":"page","link":"https:\/\/www.beau-rivage-zermatt.ch\/fr\/empreinte\/","title":{"rendered":"Empreinte"},"content":{"rendered":"<h1>Empreinte<\/h1>\n<h3>Responsable du contenu<\/h3>\n<p>Hotel Beau-Rivage<br \/>\nMax &amp; Karin Julen<br \/>\nKirchstrasse 44<br \/>\n3920 Zermatt<\/p>\n<p>E-Mail:\u00a0<a href=\"mailto:hotel@brzermatt.ch\">hotel@brzermatt.ch<\/a><\/p>\n<h3>Conception, programmation et h\u00e9bergement<\/h3>\n<p>Valpix GmbH<br \/>\nKehrstrasse 12<br \/>\n3904 Naters<\/p>\n<p>Telefon: +41 27 924 60 82<br \/>\nE-Mail:\u00a0<a href=\"mailto:info@valpix.ch\">\u2028info@valpix.ch<\/a><br \/>\nWebsite:\u00a0<a href=\"https:\/\/www.valpix.ch\/\" target=\"_blank\" rel=\"noopener noreferrer\">www.valpix.ch<\/a><\/p>\n<h3>Photos Copyright<\/h3>\n<p><strong>Forfaits:<br \/>\n<\/strong>Hotel Beau Rivage Zermatt Matterhorn Wandern Sommer &gt; \u00a9 Pascal Gertschen<br \/>\nHotel Beau Rivage Zermatt Skifahren Winter &gt; \u00a9 Pascal Gertschen<br \/>\nHotel Beau Rivage Zermatt Winter &gt; \u00a9 Pascal Gertschen<\/p>\n<p><strong>Les images mentionn\u00e9es ci-dessus proviennent du site Web suivant:<\/strong><br \/>\n<a href=\"https:\/\/www.zermatt.ch\/Media\/Pressecorner\/Fotodatenbank\" target=\"_blank\" rel=\"noopener noreferrer\">Base de donn\u00e9es de photos de Zermatt<\/a><\/p>\n<p>Tous les droits, en particulier les droits d&rsquo;auteur, restent la propri\u00e9t\u00e9 de Zermatt Tourismus, resp. les titulaires des droits correspondants.<\/p>\n<h3>Avis de responsabilit\u00e9<\/h3>\n<p>Le contenu de ce site est maintenu avec le plus grand soin. N\u00e9anmoins, aucune responsabilit\u00e9 n\u2019est accept\u00e9e pour le contenu. Erreurs et omissions except\u00e9es. Le contenu est prot\u00e9g\u00e9 par le droit d\u2019auteur. Nous n\u2019assumons aucune responsabilit\u00e9 pour le contenu des liens externes. Le contenu des pages li\u00e9es rel\u00e8ve de la seule responsabilit\u00e9 de leurs op\u00e9rateurs.<\/p>\n","protected":false},"excerpt":{"rendered":"<p>Empreinte Responsable du contenu Hotel Beau-Rivage Max &amp; Karin Julen Kirchstrasse 44 3920 Zermatt E-Mail:\u00a0hotel@brzermatt.ch Conception, programmation et h\u00e9bergement Valpix &#8230;<\/p>\n","protected":false},"author":1,"featured_media":0,"parent":0,"menu_order":0,"comment_status":"closed","ping_status":"closed","template":"","meta":{"_acf_changed":false,"footnotes":""},"class_list":["post-247","page","type-page","status-publish","hentry"],"acf":[],"yoast_head":"<!-- This site is optimized with the Yoast SEO plugin v27.3 - https:\/\/yoast.com\/product\/yoast-seo-wordpress\/ -->\n<title>Empreinte - Hotel Beau-Rivage \u00e0 Zermatt<\/title>\n<meta name=\"description\" content=\"Empreinte: responsable du contenu: Hotel Beau-Rivage, Max &amp; Karin Julen, Kirchstrasse 44, 3920 Zermatt, E-Mail:\u00a0hotel@brzermatt.ch\" \/>\n<meta name=\"robots\" content=\"index, follow, max-snippet:-1, max-image-preview:large, max-video-preview:-1\" \/>\n<link rel=\"canonical\" href=\"https:\/\/www.beau-rivage-zermatt.ch\/fr\/empreinte\/\" \/>\n<meta property=\"og:locale\" content=\"fr_FR\" \/>\n<meta property=\"og:type\" content=\"article\" \/>\n<meta property=\"og:title\" content=\"Empreinte - Hotel Beau-Rivage \u00e0 Zermatt\" \/>\n<meta property=\"og:description\" content=\"Empreinte: responsable du contenu: Hotel Beau-Rivage, Max &amp; Karin Julen, Kirchstrasse 44, 3920 Zermatt, E-Mail:\u00a0hotel@brzermatt.ch\" \/>\n<meta property=\"og:url\" content=\"https:\/\/www.beau-rivage-zermatt.ch\/fr\/empreinte\/\" \/>\n<meta property=\"og:site_name\" content=\"Hotel Beau Rivage Zermatt\" \/>\n<meta property=\"article:modified_time\" content=\"2019-10-24T11:12:35+00:00\" \/>\n<meta name=\"twitter:card\" content=\"summary_large_image\" \/>\n<meta name=\"twitter:label1\" content=\"Dur\u00e9e de lecture estim\u00e9e\" \/>\n\t<meta name=\"twitter:data1\" content=\"1 minute\" \/>\n<script type=\"application\/ld+json\" class=\"yoast-schema-graph\">{\"@context\":\"https:\\\/\\\/schema.org\",\"@graph\":[{\"@type\":\"WebPage\",\"@id\":\"https:\\\/\\\/www.beau-rivage-zermatt.ch\\\/fr\\\/empreinte\\\/\",\"url\":\"https:\\\/\\\/www.beau-rivage-zermatt.ch\\\/fr\\\/empreinte\\\/\",\"name\":\"Empreinte - Hotel Beau-Rivage \u00e0 Zermatt\",\"isPartOf\":{\"@id\":\"https:\\\/\\\/www.beau-rivage-zermatt.ch\\\/#website\"},\"datePublished\":\"2019-10-16T15:37:36+00:00\",\"dateModified\":\"2019-10-24T11:12:35+00:00\",\"description\":\"Empreinte: responsable du contenu: Hotel Beau-Rivage, Max & Karin Julen, Kirchstrasse 44, 3920 Zermatt, E-Mail:\u00a0hotel@brzermatt.ch\",\"breadcrumb\":{\"@id\":\"https:\\\/\\\/www.beau-rivage-zermatt.ch\\\/fr\\\/empreinte\\\/#breadcrumb\"},\"inLanguage\":\"fr-FR\",\"potentialAction\":[{\"@type\":\"ReadAction\",\"target\":[\"https:\\\/\\\/www.beau-rivage-zermatt.ch\\\/fr\\\/empreinte\\\/\"]}]},{\"@type\":\"BreadcrumbList\",\"@id\":\"https:\\\/\\\/www.beau-rivage-zermatt.ch\\\/fr\\\/empreinte\\\/#breadcrumb\",\"itemListElement\":[{\"@type\":\"ListItem\",\"position\":1,\"name\":\"Startseite\",\"item\":\"https:\\\/\\\/www.beau-rivage-zermatt.ch\\\/fr\\\/\"},{\"@type\":\"ListItem\",\"position\":2,\"name\":\"Empreinte\"}]},{\"@type\":\"WebSite\",\"@id\":\"https:\\\/\\\/www.beau-rivage-zermatt.ch\\\/#website\",\"url\":\"https:\\\/\\\/www.beau-rivage-zermatt.ch\\\/\",\"name\":\"Hotel Beau Rivage Zermatt\",\"description\":\"Hotel Beau Rivage Zermatt\",\"potentialAction\":[{\"@type\":\"SearchAction\",\"target\":{\"@type\":\"EntryPoint\",\"urlTemplate\":\"https:\\\/\\\/www.beau-rivage-zermatt.ch\\\/?s={search_term_string}\"},\"query-input\":{\"@type\":\"PropertyValueSpecification\",\"valueRequired\":true,\"valueName\":\"search_term_string\"}}],\"inLanguage\":\"fr-FR\"}]}<\/script>\n<!-- \/ Yoast SEO plugin. -->","yoast_head_json":{"title":"Empreinte - Hotel Beau-Rivage \u00e0 Zermatt","description":"Empreinte: responsable du contenu: Hotel Beau-Rivage, Max & Karin Julen, Kirchstrasse 44, 3920 Zermatt, E-Mail:\u00a0hotel@brzermatt.ch","robots":{"index":"index","follow":"follow","max-snippet":"max-snippet:-1","max-image-preview":"max-image-preview:large","max-video-preview":"max-video-preview:-1"},"canonical":"https:\/\/www.beau-rivage-zermatt.ch\/fr\/empreinte\/","og_locale":"fr_FR","og_type":"article","og_title":"Empreinte - Hotel Beau-Rivage \u00e0 Zermatt","og_description":"Empreinte: responsable du contenu: Hotel Beau-Rivage, Max & Karin Julen, Kirchstrasse 44, 3920 Zermatt, E-Mail:\u00a0hotel@brzermatt.ch","og_url":"https:\/\/www.beau-rivage-zermatt.ch\/fr\/empreinte\/","og_site_name":"Hotel Beau Rivage Zermatt","article_modified_time":"2019-10-24T11:12:35+00:00","twitter_card":"summary_large_image","twitter_misc":{"Dur\u00e9e de lecture estim\u00e9e":"1 minute"},"schema":{"@context":"https:\/\/schema.org","@graph":[{"@type":"WebPage","@id":"https:\/\/www.beau-rivage-zermatt.ch\/fr\/empreinte\/","url":"https:\/\/www.beau-rivage-zermatt.ch\/fr\/empreinte\/","name":"Empreinte - Hotel Beau-Rivage \u00e0 Zermatt","isPartOf":{"@id":"https:\/\/www.beau-rivage-zermatt.ch\/#website"},"datePublished":"2019-10-16T15:37:36+00:00","dateModified":"2019-10-24T11:12:35+00:00","description":"Empreinte: responsable du contenu: Hotel Beau-Rivage, Max & Karin Julen, Kirchstrasse 44, 3920 Zermatt, E-Mail:\u00a0hotel@brzermatt.ch","breadcrumb":{"@id":"https:\/\/www.beau-rivage-zermatt.ch\/fr\/empreinte\/#breadcrumb"},"inLanguage":"fr-FR","potentialAction":[{"@type":"ReadAction","target":["https:\/\/www.beau-rivage-zermatt.ch\/fr\/empreinte\/"]}]},{"@type":"BreadcrumbList","@id":"https:\/\/www.beau-rivage-zermatt.ch\/fr\/empreinte\/#breadcrumb","itemListElement":[{"@type":"ListItem","position":1,"name":"Startseite","item":"https:\/\/www.beau-rivage-zermatt.ch\/fr\/"},{"@type":"ListItem","position":2,"name":"Empreinte"}]},{"@type":"WebSite","@id":"https:\/\/www.beau-rivage-zermatt.ch\/#website","url":"https:\/\/www.beau-rivage-zermatt.ch\/","name":"Hotel Beau Rivage Zermatt","description":"Hotel Beau Rivage Zermatt","potentialAction":[{"@type":"SearchAction","target":{"@type":"EntryPoint","urlTemplate":"https:\/\/www.beau-rivage-zermatt.ch\/?s={search_term_string}"},"query-input":{"@type":"PropertyValueSpecification","valueRequired":true,"valueName":"search_term_string"}}],"inLanguage":"fr-FR"}]}},"meta_box":{"kontakt":"","webcam1":"","webcam2":"","webcam3":"","webcam4":"","webcam5":"","webcam6":"","bildergalerie":[],"bilderslider":[],"seite1":"","seite2":"","seite3":"","linkportrait":"","medallie":[],"portrait":"","linkjulensport":"","logojulensport":[],"textjulensport":"","seite4":"","seite5":""},"_links":{"self":[{"href":"https:\/\/www.beau-rivage-zermatt.ch\/fr\/wp-json\/wp\/v2\/pages\/247","targetHints":{"allow":["GET"]}}],"collection":[{"href":"https:\/\/www.beau-rivage-zermatt.ch\/fr\/wp-json\/wp\/v2\/pages"}],"about":[{"href":"https:\/\/www.beau-rivage-zermatt.ch\/fr\/wp-json\/wp\/v2\/types\/page"}],"author":[{"embeddable":true,"href":"https:\/\/www.beau-rivage-zermatt.ch\/fr\/wp-json\/wp\/v2\/users\/1"}],"replies":[{"embeddable":true,"href":"https:\/\/www.beau-rivage-zermatt.ch\/fr\/wp-json\/wp\/v2\/comments?post=247"}],"version-history":[{"count":2,"href":"https:\/\/www.beau-rivage-zermatt.ch\/fr\/wp-json\/wp\/v2\/pages\/247\/revisions"}],"predecessor-version":[{"id":801,"href":"https:\/\/www.beau-rivage-zermatt.ch\/fr\/wp-json\/wp\/v2\/pages\/247\/revisions\/801"}],"wp:attachment":[{"href":"https:\/\/www.beau-rivage-zermatt.ch\/fr\/wp-json\/wp\/v2\/media?parent=247"}],"curies":[{"name":"wp","href":"https:\/\/api.w.org\/{rel}","templated":true}]}}